{"id":10763,"date":"2024-11-19T10:46:54","date_gmt":"2024-11-19T10:46:54","guid":{"rendered":"https:\/\/charlieworks.eu\/kazan-generator\/"},"modified":"2024-11-20T12:44:40","modified_gmt":"2024-11-20T12:44:40","slug":"kazan-generator","status":"publish","type":"page","link":"https:\/\/charlieworks.eu\/hu\/kazan-generator\/","title":{"rendered":"Saj\u00e1t \u00f6n\u00e9letrajz k\u00e9sz\u00edt\u00e9se"},"content":{"rendered":"\n<p><\/p>\n\n\n\n<p><\/p>\n\n\n\n<p><\/p>\n","protected":false},"excerpt":{"rendered":"","protected":false},"author":2,"featured_media":0,"parent":0,"menu_order":0,"comment_status":"closed","ping_status":"closed","template":"page-cv-generator.php","meta":{"_acf_changed":false,"footnotes":""},"class_list":["post-10763","page","type-page","status-publish","hentry"],"acf":[],"_links":{"self":[{"href":"https:\/\/charlieworks.eu\/hu\/wp-json\/wp\/v2\/pages\/10763","targetHints":{"allow":["GET"]}}],"collection":[{"href":"https:\/\/charlieworks.eu\/hu\/wp-json\/wp\/v2\/pages"}],"about":[{"href":"https:\/\/charlieworks.eu\/hu\/wp-json\/wp\/v2\/types\/page"}],"author":[{"embeddable":true,"href":"https:\/\/charlieworks.eu\/hu\/wp-json\/wp\/v2\/users\/2"}],"replies":[{"embeddable":true,"href":"https:\/\/charlieworks.eu\/hu\/wp-json\/wp\/v2\/comments?post=10763"}],"version-history":[{"count":2,"href":"https:\/\/charlieworks.eu\/hu\/wp-json\/wp\/v2\/pages\/10763\/revisions"}],"predecessor-version":[{"id":10882,"href":"https:\/\/charlieworks.eu\/hu\/wp-json\/wp\/v2\/pages\/10763\/revisions\/10882"}],"wp:attachment":[{"href":"https:\/\/charlieworks.eu\/hu\/wp-json\/wp\/v2\/media?parent=10763"}],"curies":[{"name":"wp","href":"https:\/\/api.w.org\/{rel}","templated":true}]}}