{"id":13640,"date":"2025-05-22T13:52:54","date_gmt":"2025-05-22T11:52:54","guid":{"rendered":"https:\/\/charlieworks.eu\/privacy-statement\/"},"modified":"2026-01-14T11:41:00","modified_gmt":"2026-01-14T09:41:00","slug":"privacy-statement","status":"publish","type":"page","link":"https:\/\/charlieworks.eu\/hu\/privacy-statement\/","title":{"rendered":"Adatv\u00e9delmi nyilatkozat"},"content":{"rendered":"\t\t<div data-elementor-type=\"wp-page\" data-elementor-id=\"13640\" class=\"elementor elementor-13640 elementor-13609\" data-elementor-post-type=\"page\">\n\t\t\t\t\t\t<section class=\"elementor-section elementor-top-section elementor-element elementor-element-58db1da elementor-section-height-min-height elementor-section-boxed elementor-section-height-default elementor-section-items-middle\" data-id=\"58db1da\" data-element_type=\"section\" data-e-type=\"section\" data-settings=\"{&quot;background_background&quot;:&quot;classic&quot;}\">\n\t\t\t\t\t\t<div class=\"elementor-container elementor-column-gap-default\">\n\t\t\t\t\t<div class=\"elementor-column elementor-col-100 elementor-top-column elementor-element elementor-element-29a5711\" data-id=\"29a5711\" data-element_type=\"column\" data-e-type=\"column\">\n\t\t\t<div class=\"elementor-widget-wrap elementor-element-populated\">\n\t\t\t\t\t\t<div class=\"elementor-element elementor-element-be30119 elementor-widget elementor-widget-heading\" data-id=\"be30119\" data-element_type=\"widget\" data-e-type=\"widget\" data-widget_type=\"heading.default\">\n\t\t\t\t<div class=\"elementor-widget-container\">\n\t\t\t\t\t<h2 class=\"elementor-heading-title elementor-size-default\">Adatv\u00e9delmi nyilatkozat<\/h2>\t\t\t\t<\/div>\n\t\t\t\t<\/div>\n\t\t\t\t\t<\/div>\n\t\t<\/div>\n\t\t\t\t\t<\/div>\n\t\t<\/section>\n\t\t\t\t<section class=\"elementor-section elementor-top-section elementor-element elementor-element-5666988 elementor-section-boxed elementor-section-height-default elementor-section-height-default\" data-id=\"5666988\" data-element_type=\"section\" data-e-type=\"section\">\n\t\t\t\t\t\t<div class=\"elementor-container elementor-column-gap-default\">\n\t\t\t\t\t<div class=\"elementor-column elementor-col-100 elementor-top-column elementor-element elementor-element-fd3df40\" data-id=\"fd3df40\" data-element_type=\"column\" data-e-type=\"column\">\n\t\t\t<div class=\"elementor-widget-wrap elementor-element-populated\">\n\t\t\t\t\t\t<div class=\"elementor-element elementor-element-3836932 elementor-widget elementor-widget-text-editor\" data-id=\"3836932\" data-element_type=\"widget\" data-e-type=\"widget\" data-widget_type=\"text-editor.default\">\n\t\t\t\t<div class=\"elementor-widget-container\">\n\t\t\t\t\t\t\t\t\t<h1><b>Adatv\u00e9delmi nyilatkozat <\/b><\/h1><p><span style=\"font-weight: 400;\">A Charlie works nagyra \u00e9rt\u00e9keli az adatv\u00e9delmet \u00e9s a bizalmat, amelyet a szem\u00e9lyes adatok gondos kezel\u00e9s\u00e9re kapunk. A szem\u00e9lyes adatokat az \u00c1ltal\u00e1nos Adatv\u00e9delmi Rendelet (GDPR) el\u0151\u00edr\u00e1sainak megfelel\u0151en kezelj\u00fck. Sz\u00fcks\u00e9g eset\u00e9n a nyilatkozatot m\u00f3dos\u00edtjuk.   <\/span><\/p><h2><b>Ki a Charlie works? <\/b><\/h2><p><span style=\"font-weight: 400;\">A Charlie works B.V. sz\u00e9khelye H\u00e1ga, Rijn 20, 2491BG ir\u00e1ny\u00edt\u00f3sz\u00e1m, amelyhez tov\u00e1bbi telephelyek is tartoznak, a tov\u00e1bbiakban: Charlie works. A Charlie works felel\u0151s a szem\u00e9lyes adataid kezel\u00e9s\u00e9\u00e9rt.  <\/span><\/p><h2><b>Szem\u00e9lyes adatok <\/b><\/h2><p><span style=\"font-weight: 400;\">A Charlie works k\u00fcl\u00f6nb\u00f6z\u0151 c\u00e9lokra gy\u0171jt szem\u00e9lyes adatokat. Ez mag\u00e1ban foglalja a jelentkez\u0151k, k\u00f6lcs\u00f6nz\u00f6tt munkaer\u0151k, munkat\u00e1rsak, \u00fczleti partnerek \u00e9s weboldal l\u00e1togat\u00f3k szem\u00e9lyes adatait. <\/span><span style=\"font-weight: 400;\"><br><\/span><\/p><h3><b>P\u00e1ly\u00e1z\u00f3k, k\u00f6lcs\u00f6nz\u00f6tt munkaer\u0151 \u00e9s munkav\u00e1llal\u00f3k <\/b><\/h3><p><span style=\"font-weight: 400;\">A Charlie works kezeli a p\u00e1ly\u00e1z\u00f3k, potenci\u00e1lis jel\u00f6ltek, k\u00f6lcs\u00f6nz\u00f6tt munkaer\u0151 \u00e9s munkav\u00e1llal\u00f3k szem\u00e9lyes adatait. Ezeket az adatokat a szolg\u00e1ltat\u00e1sok ny\u00fajt\u00e1sa \u00e9rdek\u00e9ben gy\u0171jtj\u00fck, bele\u00e9rtve a munkaer\u0151-k\u00f6lcs\u00f6nz\u00e9st, k\u00f6zvet\u00edt\u00e9st, b\u00e9rsz\u00e1mfejt\u00e9st, toborz\u00e1st &amp; kiv\u00e1laszt\u00e1st, munkaer\u0151-\u00e1tenged\u00e9st \u00e9s -\u00e1tv\u00e9telt, szem\u00e9lyes fejl\u0151d\u00e9st, reintegr\u00e1ci\u00f3t, sz\u00e1ll\u00e1s szervez\u00e9s\u00e9t, tervez\u00e9st, valamint a szem\u00e9lyzeti \u00e9s b\u00e9rsz\u00e1mfejt\u00e9si adminisztr\u00e1ci\u00f3t. Ezeket az adatokat a k\u00f6vetkez\u0151 keretek k\u00f6z\u00f6tt gy\u0171jtj\u00fck:  <\/span><\/p><ul><li style=\"font-weight: 400;\" aria-level=\"1\"><span style=\"font-weight: 400;\">jogos \u00e9rdek<\/span><\/li><li style=\"font-weight: 400;\" aria-level=\"1\"><span style=\"font-weight: 400;\">a jogi k\u00f6telezetts\u00e9gek teljes\u00edt\u00e9se \u00e9rdek\u00e9ben<\/span><\/li><li style=\"font-weight: 400;\" aria-level=\"1\"><span style=\"font-weight: 400;\">hogy a veled k\u00f6t\u00f6tt meg\u00e1llapod\u00e1st pontosan teljes\u00edteni tudjuk<\/span><\/li><li style=\"font-weight: 400;\" aria-level=\"1\"><span style=\"font-weight: 400;\">(sz\u00e1ll\u00e1s eset\u00e9n) a hozz\u00e1j\u00e1rul\u00e1sod alapj\u00e1n<\/span><\/li><\/ul><h3><b>\u00dczleti partnerek<\/b><\/h3><p><span style=\"font-weight: 400;\">A Charlie works kezeli az \u00fczleti partnerek szem\u00e9lyes adatait. Az \u00fczleti partnerek szem\u00e9lyes adatainak gy\u0171jt\u00e9s\u00e9nek oka aj\u00e1nlatok t\u00e9tele, t\u00e1j\u00e9koztat\u00e1s ny\u00fajt\u00e1sa a szolg\u00e1ltat\u00e1sokr\u00f3l, \u00fczleti kapcsolat fenntart\u00e1sa, valamint megb\u00edz\u00e1si szerz\u0151d\u00e9s megk\u00f6t\u00e9se vagy fenntart\u00e1sa.  <\/span><\/p><ul><li style=\"font-weight: 400;\" aria-level=\"1\"><span style=\"font-weight: 400;\">Jogos \u00e9rdek<\/span><\/li><li style=\"font-weight: 400;\" aria-level=\"1\"><span style=\"font-weight: 400;\">A jogi k\u00f6telezetts\u00e9gek teljes\u00edt\u00e9se \u00e9rdek\u00e9ben<\/span><\/li><li style=\"font-weight: 400;\" aria-level=\"1\"><span style=\"font-weight: 400;\">Hogy a veled k\u00f6t\u00f6tt meg\u00e1llapod\u00e1st pontosan teljes\u00edteni tudjuk<\/span><\/li><li style=\"font-weight: 400;\" aria-level=\"1\"><span style=\"font-weight: 400;\">A hozz\u00e1j\u00e1rul\u00e1sod alapj\u00e1n<\/span><\/li><\/ul><p><b>Weboldal l\u00e1togat\u00f3k \u00e9s felhaszn\u00e1l\u00f3k<\/b><\/p><p><span style=\"font-weight: 400;\">A Charlie works kezeli a weboldal l\u00e1togat\u00f3inak \u00e9s felhaszn\u00e1l\u00f3inak szem\u00e9lyes adatait. Ez az inform\u00e1ci\u00f3 seg\u00edt a weboldal optimaliz\u00e1l\u00e1s\u00e1ban, hogy a l\u00e1togat\u00f3t a lehet\u0151 legjobban szolg\u00e1ljuk ki. Ezeket az adatokat a k\u00f6vetkez\u0151 c\u00e9lokra kezelj\u00fck:   <\/span><\/p><ul><li style=\"font-weight: 400;\" aria-level=\"1\"><span style=\"font-weight: 400;\">Hogy a veled k\u00f6t\u00f6tt felhaszn\u00e1l\u00e1si felt\u00e9teleket pontosan teljes\u00edteni tudjuk<\/span><\/li><li style=\"font-weight: 400;\" aria-level=\"1\"><span style=\"font-weight: 400;\">A hozz\u00e1j\u00e1rul\u00e1soddal<\/span><\/li><\/ul><h2><b>Milyen adatok ker\u00fclnek feldolgoz\u00e1sra kateg\u00f3ri\u00e1nk\u00e9nt? <\/b><\/h2><p><span style=\"font-weight: 400;\">A Charlie works-\u00f6n bel\u00fcl k\u00fcl\u00f6nb\u00f6z\u0151 kateg\u00f3ri\u00e1kat kezel\u00fcnk:<\/span><\/p><ol><li style=\"font-weight: 400;\" aria-level=\"1\"><span style=\"font-weight: 400;\">P\u00e1ly\u00e1z\u00f3k, k\u00f6lcs\u00f6nz\u00f6tt munkaer\u0151, besz\u00e1ll\u00edt\u00f3k munkav\u00e1llal\u00f3i \u00e9s alkalmazottak adatainak kezel\u00e9se a szolg\u00e1ltat\u00e1sok ny\u00fajt\u00e1sa \u00e9rdek\u00e9ben<\/span><ol><li style=\"font-weight: 400;\" aria-level=\"2\"><span style=\"font-weight: 400;\">Azonos\u00edt\u00f3 adatok: n\u00e9v, c\u00edm, sz\u00fclet\u00e9si d\u00e1tum, nem, \u00e1llampolg\u00e1rs\u00e1g<\/span><\/li><li style=\"font-weight: 400;\" aria-level=\"2\"><span style=\"font-weight: 400;\">El\u00e9rhet\u0151s\u00e9gek: telefonsz\u00e1m, e-mail<\/span><\/li><li style=\"font-weight: 400;\" aria-level=\"2\"><span style=\"font-weight: 400;\">Dokument\u00e1ci\u00f3: \u00f6n\u00e9letrajz, esetleges motiv\u00e1ci\u00f3s lev\u00e9l<\/span><\/li><li style=\"font-weight: 400;\" aria-level=\"2\"><span style=\"font-weight: 400;\">Azonos\u00edt\u00f3 adatok (amennyiben jogszab\u00e1ly \u00edrja el\u0151)<\/span><\/li><li style=\"font-weight: 400;\" aria-level=\"2\"><span style=\"font-weight: 400;\">Munka\u00fcgyi adatok: rendelkez\u00e9sre \u00e1ll\u00e1s, munkatapasztalat, k\u00e9pz\u00e9sek, tan\u00fas\u00edtv\u00e1nyok \u00e9s \u00f6nk\u00e9ntes alapon felt\u00f6lt\u00f6tt igazolv\u00e1nyk\u00e9p<\/span><\/li><li style=\"font-weight: 400;\" aria-level=\"2\"><span style=\"font-weight: 400;\">P\u00e9nz\u00fcgyi adatok: IBAN <\/span><\/li><li style=\"font-weight: 400;\" aria-level=\"2\"><span style=\"font-weight: 400;\">Adatok szerz\u0151d\u00e9sekhez \u00e9s b\u00e9rsz\u00e1mfejt\u00e9shez<\/span><\/li><\/ol><\/li><\/ol><ol><li style=\"font-weight: 400;\" aria-level=\"1\"><span style=\"font-weight: 400;\">Adatkezel\u00e9s k\u00f6lcs\u00f6nz\u00f6tt munkaer\u0151 sz\u00e1ll\u00e1s\u00e1nak szervez\u00e9s\u00e9hez<\/span><ol><li style=\"font-weight: 400;\" aria-level=\"2\"><span style=\"font-weight: 400;\">N\u00e9v<\/span><\/li><li style=\"font-weight: 400;\" aria-level=\"2\"><span style=\"font-weight: 400;\">El\u00e9rhet\u0151s\u00e9gek<\/span><\/li><li style=\"font-weight: 400;\" aria-level=\"2\"><span style=\"font-weight: 400;\">Sz\u00fclet\u00e9si d\u00e1tum<\/span><\/li><\/ol><\/li><\/ol><ol><li style=\"font-weight: 400;\" aria-level=\"1\"><span style=\"font-weight: 400;\">Adatkezel\u00e9s az \u00fczleti kapcsolat l\u00e9tes\u00edt\u00e9s\u00e9nek felaj\u00e1nl\u00e1s\u00e1hoz <\/span><ol><li style=\"font-weight: 400;\" aria-level=\"2\"><span style=\"font-weight: 400;\">N\u00e9v \u00e9s el\u00e9rhet\u0151s\u00e9gek <\/span><\/li><li style=\"font-weight: 400;\" aria-level=\"2\"><span style=\"font-weight: 400;\">Funkci\u00f3<\/span><\/li><li style=\"font-weight: 400;\" aria-level=\"2\"><span style=\"font-weight: 400;\">C\u00e9gadatok<\/span><\/li><li style=\"font-weight: 400;\" aria-level=\"2\"><span style=\"font-weight: 400;\">Adatok a j\u00f3 \u00fczleti kapcsolat fenntart\u00e1s\u00e1hoz<\/span><\/li><\/ol><\/li><\/ol><ol><li style=\"font-weight: 400;\" aria-level=\"1\"><span style=\"font-weight: 400;\">Szem\u00e9lyes adatok weboldal haszn\u00e1lat\u00e1hoz<\/span><ol><li style=\"font-weight: 400;\" aria-level=\"2\"><span style=\"font-weight: 400;\">S\u00fctik <\/span><\/li><li style=\"font-weight: 400;\" aria-level=\"2\"><span style=\"font-weight: 400;\">Technikai adatok<\/span><\/li><li style=\"font-weight: 400;\" aria-level=\"2\"><span style=\"font-weight: 400;\">A weboldalon tal\u00e1lhat\u00f3 \u0171rlapokon kereszt\u00fcl megadott adatok (kapcsolatfelv\u00e9tel, panasz) <\/span><\/li><\/ol><\/li><\/ol><h2><b>Jogok<\/b><\/h2><p><span style=\"font-weight: 400;\">B\u00e1rmikor jogod van tudni, hogy milyen szem\u00e9lyes adataid \u00e1llnak rendelkez\u00e9s\u00fcnkre. Jogod van az adatokhoz val\u00f3 hozz\u00e1f\u00e9r\u00e9shez, azok helyesb\u00edt\u00e9s\u00e9hez, t\u00f6rl\u00e9s\u00e9hez, korl\u00e1toz\u00e1s\u00e1hoz vagy \u00e1tvitel\u00e9hez. Ha szem\u00e9lyes adataid kezel\u00e9se hozz\u00e1j\u00e1rul\u00e1s alapj\u00e1n t\u00f6rt\u00e9nt, azt b\u00e1rmikor visszavonhatod. A hozz\u00e1j\u00e1rul\u00e1sod visszavon\u00e1sa nem \u00e9rinti a kor\u00e1bbi, hozz\u00e1j\u00e1rul\u00e1sodon alapul\u00f3 adatkezel\u00e9s jogszer\u0171s\u00e9g\u00e9t. Szeretn\u00e9d m\u00f3dos\u00edtani vagy t\u00f6r\u00f6lni az adataidat? Vedd fel a kapcsolatot a kapcsolattart\u00f3ddal.      <\/span><\/p><h2><b>Biztons\u00e1g<\/b><\/h2><p><span style=\"font-weight: 400;\">A Charlie works gondosan kezeli a szem\u00e9lyes adatokat. Mindent megtesz\u00fcnk a szem\u00e9lyes adatok optim\u00e1lis v\u00e9delm\u00e9\u00e9rt, \u00e9s titoktart\u00e1si k\u00f6telezetts\u00e9g, valamint IT-biztons\u00e1gi v\u00e1llalati szab\u00e1lyzat k\u00f6ti \u0151ket. Ezenk\u00edv\u00fcl csak az arra felhatalmazott munkat\u00e1rsak tekinthetik meg \u00e9s kezelhetik az adataidat, amennyiben erre sz\u00fcks\u00e9g\u00fck van feladataik ell\u00e1t\u00e1s\u00e1hoz. A Charlie works megfelel\u0151 technikai \u00e9s szervez\u00e9si int\u00e9zked\u00e9seket hozott az \u00e9rintettek szem\u00e9lyes adatainak elveszt\u00e9se vagy jogellenes kezel\u00e9se elleni v\u00e9delme \u00e9rdek\u00e9ben.   <\/span><\/p><h2><b>Adatmeg\u0151rz\u00e9si id\u0151szakok<\/b><\/h2><p><span style=\"font-weight: 400;\">A Charlie works a r\u00e1nk vonatkoz\u00f3 szab\u00e1lyoz\u00e1soknak megfelel\u0151en t\u00e1rolja a szem\u00e9lyes adatokat. Ha a Charlie works-szel fenn\u00e1ll\u00f3 munkaviszonyod megsz\u0171nik, a szem\u00e9lyes adatokat legk\u00e9s\u0151bb az utols\u00f3 munkanapot k\u00f6vet\u0151 k\u00e9t \u00e9ven bel\u00fcl t\u00f6r\u00f6lj\u00fck. Vannak kiv\u00e9telek, p\u00e9ld\u00e1ul:   <\/span><\/p><ul><li style=\"font-weight: 400;\" aria-level=\"1\"><span style=\"font-weight: 400;\">Az adminisztrat\u00edv dokumentumokat 7 \u00e9vig \u0151rizz\u00fck meg. Ide tartozik a b\u00e9rsz\u00e1mfejt\u00e9s, a munkaer\u0151-k\u00f6lcs\u00f6nz\u00e9si szerz\u0151d\u00e9s \u00e9s adott esetben a nyugd\u00edjk\u00f6telezetts\u00e9gek. Ez az \u00fagynevezett ad\u00f3z\u00e1si meg\u0151rz\u00e9si k\u00f6telezetts\u00e9g.   <\/span><\/li><li style=\"font-weight: 400;\" aria-level=\"1\"><span style=\"font-weight: 400;\">Az ad\u00f3kedvezm\u00e9nyre vonatkoz\u00f3 k\u00e9relmeket, n\u00e9v-, c\u00edm- \u00e9s lak\u00f3hely adatokat, BSN-t, sz\u00fclet\u00e9si d\u00e1tumot \u00e9s az azonos\u00edt\u00e1shoz sz\u00fcks\u00e9ges m\u00e1solatokat legal\u00e1bb 5 \u00e9vig meg\u0151rizz\u00fck. Ez a napt\u00e1ri \u00e9v v\u00e9g\u00e9t\u0151l sz\u00e1m\u00edt\u00f3dik, amelyben a munkaviszony megsz\u0171nt.  <\/span><\/li><li style=\"font-weight: 400;\" aria-level=\"1\"><span style=\"font-weight: 400;\">Panaszok vagy k\u00f6vetel\u00e9sek eset\u00e9n csak a sz\u00fcks\u00e9ges adatokat \u0151rizz\u00fck meg, am\u00edg v\u00e9gleges rendez\u00e9s nem t\u00f6rt\u00e9nik, vagy am\u00edg a k\u00f6vetel\u00e9s el nem \u00e9v\u00fcl.<\/span><\/li><\/ul><p> <\/p><h2><b>M\u00f3dos\u00edt\u00e1sok <\/b><\/h2><p><span style=\"font-weight: 400;\">A Charlie works fenntartja a jogot, hogy (k\u00fcl\u00f6nb\u00f6z\u0151 okokb\u00f3l, p\u00e9ld\u00e1ul v\u00e1ltoz\u00e1sok \u00e9s kieg\u00e9sz\u00edt\u00e9sek miatt) m\u00f3dos\u00edt\u00e1sokat hajtson v\u00e9gre az adatv\u00e9delmi nyilatkozatban. A legfrissebb adatv\u00e9delmi nyilatkozat b\u00e1rmikor megtekinthet\u0151 a Charlie works weboldal\u00e1n. Javasoljuk, hogy rendszeresen ellen\u0151rizd \u00e9s olvasd el a nyilatkozatot.  <\/span><\/p><p><span style=\"font-weight: 400;\">A jelenlegi adatv\u00e9delmi nyilatkozat friss\u00edtve: 2025. december 11.<\/span><\/p>\t\t\t\t\t\t\t\t<\/div>\n\t\t\t\t<\/div>\n\t\t\t\t\t<\/div>\n\t\t<\/div>\n\t\t\t\t\t<\/div>\n\t\t<\/section>\n\t\t\t\t<\/div>\n\t\t","protected":false},"excerpt":{"rendered":"<p>Adatv\u00e9delmi nyilatkozat Adatv\u00e9delmi nyilatkozat A Charlie works nagyra \u00e9rt\u00e9keli az adatv\u00e9delmet \u00e9s a bizalmat, amelyet a szem\u00e9lyes adatok gondos kezel\u00e9s\u00e9re kapunk. A szem\u00e9lyes adatokat az \u00c1ltal\u00e1nos Adatv\u00e9delmi Rendelet (GDPR) el\u0151\u00edr\u00e1sainak megfelel\u0151en kezelj\u00fck. Sz\u00fcks\u00e9g eset\u00e9n a nyilatkozatot m\u00f3dos\u00edtjuk. Ki a Charlie works? A Charlie works B.V. sz\u00e9khelye H\u00e1ga, Rijn 20, 2491BG ir\u00e1ny\u00edt\u00f3sz\u00e1m, amelyhez tov\u00e1bbi telephelyek is [&hellip;]<\/p>\n","protected":false},"author":2,"featured_media":0,"parent":0,"menu_order":0,"comment_status":"closed","ping_status":"closed","template":"","meta":{"_acf_changed":false,"footnotes":""},"class_list":["post-13640","page","type-page","status-publish","hentry"],"acf":[],"_links":{"self":[{"href":"https:\/\/charlieworks.eu\/hu\/wp-json\/wp\/v2\/pages\/13640","targetHints":{"allow":["GET"]}}],"collection":[{"href":"https:\/\/charlieworks.eu\/hu\/wp-json\/wp\/v2\/pages"}],"about":[{"href":"https:\/\/charlieworks.eu\/hu\/wp-json\/wp\/v2\/types\/page"}],"author":[{"embeddable":true,"href":"https:\/\/charlieworks.eu\/hu\/wp-json\/wp\/v2\/users\/2"}],"replies":[{"embeddable":true,"href":"https:\/\/charlieworks.eu\/hu\/wp-json\/wp\/v2\/comments?post=13640"}],"version-history":[{"count":3,"href":"https:\/\/charlieworks.eu\/hu\/wp-json\/wp\/v2\/pages\/13640\/revisions"}],"predecessor-version":[{"id":16715,"href":"https:\/\/charlieworks.eu\/hu\/wp-json\/wp\/v2\/pages\/13640\/revisions\/16715"}],"wp:attachment":[{"href":"https:\/\/charlieworks.eu\/hu\/wp-json\/wp\/v2\/media?parent=13640"}],"curies":[{"name":"wp","href":"https:\/\/api.w.org\/{rel}","templated":true}]}}