{"id":13744,"date":"2025-05-30T15:36:14","date_gmt":"2025-05-30T13:36:14","guid":{"rendered":"https:\/\/charlieworks.eu\/accessibility-statement\/"},"modified":"2025-05-30T15:36:24","modified_gmt":"2025-05-30T13:36:24","slug":"accessibility-statement","status":"publish","type":"page","link":"https:\/\/charlieworks.eu\/hu\/accessibility-statement\/","title":{"rendered":"Hozz\u00e1f\u00e9rhet\u0151s\u00e9gi nyilatkozat"},"content":{"rendered":"\n<h6 class=\"wp-block-heading has-text-align-center\">Hozz\u00e1f\u00e9rhet\u0151s\u00e9gi nyilatkozat a https:\/\/charlieworks.eu oldalon<\/h6>\n\n<p><strong>A Charlie works<\/strong> elk\u00f6telezett a fogyat\u00e9kkal \u00e9l\u0151k digit\u00e1lis hozz\u00e1f\u00e9rhet\u0151s\u00e9g\u00e9nek biztos\u00edt\u00e1sa mellett. Folyamatosan jav\u00edtjuk a felhaszn\u00e1l\u00f3i \u00e9lm\u00e9nyt mindenki sz\u00e1m\u00e1ra, \u00e9s alkalmazzuk a vonatkoz\u00f3 hozz\u00e1f\u00e9rhet\u0151s\u00e9gi szabv\u00e1nyokat. <\/p>\n\n<h6 class=\"wp-block-heading\">Megfelel\u0151s\u00e9gi st\u00e1tusz<\/h6>\n\n<p>A Web Content Accessibility Guidelines (WCAG) a tervez\u0151k \u00e9s fejleszt\u0151k sz\u00e1m\u00e1ra hat\u00e1rozza meg a fogyat\u00e9kkal \u00e9l\u0151k hozz\u00e1f\u00e9rhet\u0151s\u00e9g\u00e9nek jav\u00edt\u00e1s\u00e1ra vonatkoz\u00f3 k\u00f6vetelm\u00e9nyeket. H\u00e1rom megfelel\u0151s\u00e9gi szintet hat\u00e1roz meg: A szint, AA szint \u00e9s AAA szint. <\/p>\n\n<p><strong>A Charlie works<\/strong> folyamatos er\u0151fesz\u00edt\u00e9seket tesz a honlapja \u00e9s szolg\u00e1ltat\u00e1sai hozz\u00e1f\u00e9rhet\u0151s\u00e9g\u00e9nek jav\u00edt\u00e1sa \u00e9rdek\u00e9ben, abban a meggy\u0151z\u0151d\u00e9sben, hogy k\u00f6z\u00f6s erk\u00f6lcsi k\u00f6teless\u00e9g\u00fcnk a z\u00f6kken\u0151mentes, hozz\u00e1f\u00e9rhet\u0151 \u00e9s akad\u00e1lytalan haszn\u00e1lat lehet\u0151v\u00e9 t\u00e9tele a fogyat\u00e9kkal \u00e9l\u0151k sz\u00e1m\u00e1ra.<\/p>\n\n<p>C\u00e9lunk, hogy a <strong>https:\/\/charlieworks.eu<\/strong> oldal minden oldala \u00e9s tartalma hozz\u00e1f\u00e9rhet\u0151 legyen, de el\u0151fordulhat, hogy egyes tartalmak m\u00e9g nem felelnek meg teljes m\u00e9rt\u00e9kben a legmagasabb szint\u0171 hozz\u00e1f\u00e9rhet\u0151s\u00e9gi szabv\u00e1nyoknak. Ennek oka lehet, hogy a legmegfelel\u0151bb technol\u00f3giai megold\u00e1s megtal\u00e1l\u00e1sa kih\u00edv\u00e1st jelent. <\/p>\n\n<p>A jelen Nyilatkozatot id\u0151szakonk\u00e9nt fel\u00fclvizsg\u00e1lhatjuk, hogy t\u00fckr\u00f6zze a hozz\u00e1f\u00e9rhet\u0151s\u00e9gi gyakorlatunk javul\u00e1s\u00e1t vagy v\u00e1ltoz\u00e1sait.<\/p>\n\n<h6 class=\"wp-block-heading\">Visszajelz\u00e9s<\/h6>\n\n<p>\u00d6r\u00f6mmel fogadjuk visszajelz\u00e9seit a <strong>Charlie works<\/strong> weboldal\u00e1nak hozz\u00e1f\u00e9rhet\u0151s\u00e9g\u00e9vel kapcsolatban. K\u00e9rj\u00fck, \u00e9rtes\u00edtsen minket, ha akad\u00e1lyokba \u00fctk\u00f6zik a weboldalunkon: <\/p>\n\n<p>E-mail: <strong>dmvd@charlieworks.eu<\/strong><\/p>\n\n<p>A visszajelz\u00e9sekre 3-5 munkanapon bel\u00fcl igyeksz\u00fcnk v\u00e1laszolni.<\/p>\n\n<p>Ez a nyilatkozatot 30-5-2025-\u00e9n hozt\u00e1k l\u00e9tre.  <\/p>\n","protected":false},"excerpt":{"rendered":"<p>Hozz\u00e1f\u00e9rhet\u0151s\u00e9gi nyilatkozat a https:\/\/charlieworks.eu oldalon A Charlie works elk\u00f6telezett a fogyat\u00e9kkal \u00e9l\u0151k digit\u00e1lis hozz\u00e1f\u00e9rhet\u0151s\u00e9g\u00e9nek biztos\u00edt\u00e1sa mellett. Folyamatosan jav\u00edtjuk a felhaszn\u00e1l\u00f3i \u00e9lm\u00e9nyt mindenki sz\u00e1m\u00e1ra, \u00e9s alkalmazzuk a vonatkoz\u00f3 hozz\u00e1f\u00e9rhet\u0151s\u00e9gi szabv\u00e1nyokat. Megfelel\u0151s\u00e9gi st\u00e1tusz A Web Content Accessibility Guidelines (WCAG) a tervez\u0151k \u00e9s fejleszt\u0151k sz\u00e1m\u00e1ra hat\u00e1rozza meg a fogyat\u00e9kkal \u00e9l\u0151k hozz\u00e1f\u00e9rhet\u0151s\u00e9g\u00e9nek jav\u00edt\u00e1s\u00e1ra vonatkoz\u00f3 k\u00f6vetelm\u00e9nyeket. H\u00e1rom megfelel\u0151s\u00e9gi szintet hat\u00e1roz [&hellip;]<\/p>\n","protected":false},"author":2,"featured_media":0,"parent":0,"menu_order":0,"comment_status":"closed","ping_status":"closed","template":"","meta":{"_acf_changed":false,"footnotes":""},"class_list":["post-13744","page","type-page","status-publish","hentry"],"acf":[],"_links":{"self":[{"href":"https:\/\/charlieworks.eu\/hu\/wp-json\/wp\/v2\/pages\/13744","targetHints":{"allow":["GET"]}}],"collection":[{"href":"https:\/\/charlieworks.eu\/hu\/wp-json\/wp\/v2\/pages"}],"about":[{"href":"https:\/\/charlieworks.eu\/hu\/wp-json\/wp\/v2\/types\/page"}],"author":[{"embeddable":true,"href":"https:\/\/charlieworks.eu\/hu\/wp-json\/wp\/v2\/users\/2"}],"replies":[{"embeddable":true,"href":"https:\/\/charlieworks.eu\/hu\/wp-json\/wp\/v2\/comments?post=13744"}],"version-history":[{"count":1,"href":"https:\/\/charlieworks.eu\/hu\/wp-json\/wp\/v2\/pages\/13744\/revisions"}],"predecessor-version":[{"id":13745,"href":"https:\/\/charlieworks.eu\/hu\/wp-json\/wp\/v2\/pages\/13744\/revisions\/13745"}],"wp:attachment":[{"href":"https:\/\/charlieworks.eu\/hu\/wp-json\/wp\/v2\/media?parent=13744"}],"curies":[{"name":"wp","href":"https:\/\/api.w.org\/{rel}","templated":true}]}}