{"id":14193,"date":"2024-12-04T12:57:57","date_gmt":"2024-12-04T10:57:57","guid":{"rendered":"https:\/\/charlieworks.eu\/blogs\/"},"modified":"2025-07-28T15:36:12","modified_gmt":"2025-07-28T13:36:12","slug":"blogs","status":"publish","type":"page","link":"https:\/\/charlieworks.eu\/hu\/blogs\/","title":{"rendered":"Blogok"},"content":{"rendered":"\t\t<div data-elementor-type=\"wp-page\" data-elementor-id=\"14193\" class=\"elementor elementor-14193 elementor-11775\" data-elementor-post-type=\"page\">\n\t\t\t\t\t\t<section class=\"elementor-section elementor-top-section elementor-element elementor-element-41cf53fb elementor-section-height-min-height elementor-section-boxed elementor-section-height-default elementor-section-items-middle\" data-id=\"41cf53fb\" data-element_type=\"section\" data-e-type=\"section\" data-settings=\"{&quot;background_background&quot;:&quot;classic&quot;}\">\n\t\t\t\t\t\t<div class=\"elementor-container elementor-column-gap-default\">\n\t\t\t\t\t<div class=\"elementor-column elementor-col-100 elementor-top-column elementor-element elementor-element-3146fe97\" data-id=\"3146fe97\" data-element_type=\"column\" data-e-type=\"column\">\n\t\t\t<div class=\"elementor-widget-wrap elementor-element-populated\">\n\t\t\t\t\t\t<div class=\"elementor-element elementor-element-43688ba6 elementor-widget elementor-widget-heading\" data-id=\"43688ba6\" data-element_type=\"widget\" data-e-type=\"widget\" data-widget_type=\"heading.default\">\n\t\t\t\t<div class=\"elementor-widget-container\">\n\t\t\t\t\t<h2 class=\"elementor-heading-title elementor-size-default\">Charlie blogja<\/h2>\t\t\t\t<\/div>\n\t\t\t\t<\/div>\n\t\t\t\t\t<\/div>\n\t\t<\/div>\n\t\t\t\t\t<\/div>\n\t\t<\/section>\n\t\t\t\t<section class=\"elementor-section elementor-top-section elementor-element elementor-element-5c1df022 elementor-section-boxed elementor-section-height-default elementor-section-height-default\" data-id=\"5c1df022\" data-element_type=\"section\" data-e-type=\"section\">\n\t\t\t\t\t\t<div class=\"elementor-container elementor-column-gap-default\">\n\t\t\t\t\t<div class=\"elementor-column elementor-col-100 elementor-top-column elementor-element elementor-element-156ce494\" data-id=\"156ce494\" data-element_type=\"column\" data-e-type=\"column\">\n\t\t\t<div class=\"elementor-widget-wrap elementor-element-populated\">\n\t\t\t\t\t\t<div class=\"elementor-element elementor-element-e7b287d elementor-posts__hover-none elementor-grid-3 elementor-grid-tablet-2 elementor-grid-mobile-1 elementor-posts--thumbnail-top elementor-card-shadow-yes elementor-widget elementor-widget-posts\" data-id=\"e7b287d\" data-element_type=\"widget\" data-e-type=\"widget\" data-settings=\"{&quot;pagination_type&quot;:&quot;numbers_and_prev_next&quot;,&quot;cards_columns&quot;:&quot;3&quot;,&quot;cards_columns_tablet&quot;:&quot;2&quot;,&quot;cards_columns_mobile&quot;:&quot;1&quot;,&quot;cards_row_gap&quot;:{&quot;unit&quot;:&quot;px&quot;,&quot;size&quot;:35,&quot;sizes&quot;:[]},&quot;cards_row_gap_laptop&quot;:{&quot;unit&quot;:&quot;px&quot;,&quot;size&quot;:&quot;&quot;,&quot;sizes&quot;:[]},&quot;cards_row_gap_tablet&quot;:{&quot;unit&quot;:&quot;px&quot;,&quot;size&quot;:&quot;&quot;,&quot;sizes&quot;:[]},&quot;cards_row_gap_mobile&quot;:{&quot;unit&quot;:&quot;px&quot;,&quot;size&quot;:&quot;&quot;,&quot;sizes&quot;:[]}}\" data-widget_type=\"posts.cards\">\n\t\t\t\t<div class=\"elementor-widget-container\">\n\t\t\t\t\t\t\t<div class=\"elementor-posts-container elementor-posts elementor-posts--skin-cards elementor-grid\" role=\"list\">\n\t\t\t\t<article class=\"elementor-post elementor-grid-item post-19835 post type-post status-publish format-standard has-post-thumbnail hentry category-uncategorized-hu\" role=\"listitem\">\n\t\t\t<div class=\"elementor-post__card\">\n\t\t\t\t<a class=\"elementor-post__thumbnail__link\" href=\"https:\/\/charlieworks.eu\/hu\/logistiek-werk-zonder-ervaring-waar-kun-je-starten\/\" tabindex=\"-1\" ><div class=\"elementor-post__thumbnail\"><img loading=\"lazy\" decoding=\"async\" width=\"300\" height=\"200\" src=\"https:\/\/charlieworks.eu\/wp-content\/uploads\/2026\/04\/Kopie-van-251014-Charlie-Works-x-Intertoys-x-DMVD-27-300x200.webp\" class=\"attachment-medium size-medium wp-image-19836\" alt=\"logisztikai munka\" srcset=\"https:\/\/charlieworks.eu\/wp-content\/uploads\/2026\/04\/Kopie-van-251014-Charlie-Works-x-Intertoys-x-DMVD-27-300x200.webp 300w, https:\/\/charlieworks.eu\/wp-content\/uploads\/2026\/04\/Kopie-van-251014-Charlie-Works-x-Intertoys-x-DMVD-27-1024x683.webp 1024w, https:\/\/charlieworks.eu\/wp-content\/uploads\/2026\/04\/Kopie-van-251014-Charlie-Works-x-Intertoys-x-DMVD-27-768x512.webp 768w, https:\/\/charlieworks.eu\/wp-content\/uploads\/2026\/04\/Kopie-van-251014-Charlie-Works-x-Intertoys-x-DMVD-27-1536x1024.webp 1536w, https:\/\/charlieworks.eu\/wp-content\/uploads\/2026\/04\/Kopie-van-251014-Charlie-Works-x-Intertoys-x-DMVD-27-2048x1365.webp 2048w\" sizes=\"auto, (max-width: 300px) 100vw, 300px\" \/><\/div><\/a>\n\t\t\t\t<div class=\"elementor-post__text\">\n\t\t\t\t<h3 class=\"elementor-post__title\">\n\t\t\t<a href=\"https:\/\/charlieworks.eu\/hu\/logistiek-werk-zonder-ervaring-waar-kun-je-starten\/\" >\n\t\t\t\tLogisztikai munka tapasztalat n\u00e9lk\u00fcl: hol kezdhetsz?\t\t\t<\/a>\n\t\t<\/h3>\n\t\t\t\t<div class=\"elementor-post__excerpt\">\n\t\t\t<p>A hollandiai logisztikai szektor m\u00e9g mindig n\u00f6vekszik, \u00e9s logisztikai munka is akad b\u0151ven. A disztrib\u00faci\u00f3s k\u00f6zpontok egyre nagyobbak lesznek, az online rendel\u00e9sek sz\u00e1ma folyamatosan n\u0151, a c\u00e9geknek pedig \u00e1lland\u00f3an sz\u00fcks\u00e9g\u00fck van munkat\u00e1rsakra az \u00e1ruk feldolgoz\u00e1s\u00e1hoz, mozgat\u00e1s\u00e1hoz \u00e9s sz\u00e1ll\u00edt\u00e1s\u00e1hoz. A j\u00f3 h\u00edr az, hogy sok logisztikai munk\u00e1hoz nincs sz\u00fcks\u00e9g t\u00f6bb\u00e9ves tapasztalatra.<\/p>\n\t\t<\/div>\n\t\t\n\t\t<a class=\"elementor-post__read-more\" href=\"https:\/\/charlieworks.eu\/hu\/logistiek-werk-zonder-ervaring-waar-kun-je-starten\/\" aria-label=\"Read more about Logisztikai munka tapasztalat n\u00e9lk\u00fcl: hol kezdhetsz?\" tabindex=\"-1\" >\n\t\t\tB\u0151vebben\t\t<\/a>\n\n\t\t\t\t<\/div>\n\t\t\t\t<div class=\"elementor-post__meta-data\">\n\t\t\t\t\t<span class=\"elementor-post-date\">\n\t\t\t2026.04.24.\t\t<\/span>\n\t\t\t\t<\/div>\n\t\t\t\t\t<\/div>\n\t\t<\/article>\n\t\t\t\t<article class=\"elementor-post elementor-grid-item post-19814 post type-post status-publish format-standard has-post-thumbnail hentry category-uncategorized-hu\" role=\"listitem\">\n\t\t\t<div class=\"elementor-post__card\">\n\t\t\t\t<a class=\"elementor-post__thumbnail__link\" href=\"https:\/\/charlieworks.eu\/hu\/wat-maakt-logistiek-team-succesvol\/\" tabindex=\"-1\" ><div class=\"elementor-post__thumbnail\"><img loading=\"lazy\" decoding=\"async\" width=\"300\" height=\"200\" src=\"https:\/\/charlieworks.eu\/wp-content\/uploads\/2026\/04\/Kopie-van-251014-Charlie-Works-x-Intertoys-x-DMVD-65-300x200.webp\" class=\"attachment-medium size-medium wp-image-19815\" alt=\"logisztika\" srcset=\"https:\/\/charlieworks.eu\/wp-content\/uploads\/2026\/04\/Kopie-van-251014-Charlie-Works-x-Intertoys-x-DMVD-65-300x200.webp 300w, https:\/\/charlieworks.eu\/wp-content\/uploads\/2026\/04\/Kopie-van-251014-Charlie-Works-x-Intertoys-x-DMVD-65-1024x683.webp 1024w, https:\/\/charlieworks.eu\/wp-content\/uploads\/2026\/04\/Kopie-van-251014-Charlie-Works-x-Intertoys-x-DMVD-65-768x512.webp 768w, https:\/\/charlieworks.eu\/wp-content\/uploads\/2026\/04\/Kopie-van-251014-Charlie-Works-x-Intertoys-x-DMVD-65-1536x1024.webp 1536w, https:\/\/charlieworks.eu\/wp-content\/uploads\/2026\/04\/Kopie-van-251014-Charlie-Works-x-Intertoys-x-DMVD-65-2048x1365.webp 2048w\" sizes=\"auto, (max-width: 300px) 100vw, 300px\" \/><\/div><\/a>\n\t\t\t\t<div class=\"elementor-post__text\">\n\t\t\t\t<h3 class=\"elementor-post__title\">\n\t\t\t<a href=\"https:\/\/charlieworks.eu\/hu\/wat-maakt-logistiek-team-succesvol\/\" >\n\t\t\t\tMit\u0151l lesz sikeres egy logisztikai csapat?\t\t\t<\/a>\n\t\t<\/h3>\n\t\t\t\t<div class=\"elementor-post__excerpt\">\n\t\t\t<p>A logisztik\u00e1ban minden a sebess\u00e9gr\u0151l, az egy\u00fcttm\u0171k\u00f6d\u00e9sr\u0151l \u00e9s a megb\u00edzhat\u00f3s\u00e1gr\u00f3l sz\u00f3l. A term\u00e9keket id\u0151ben fel kell dolgozni, a rendel\u00e9seket pontosan \u00f6ssze kell k\u00e9sz\u00edteni, a rakt\u00e1raknak pedig hat\u00e9konyan kell m\u0171k\u00f6dni\u00fck. Mindezek m\u00f6g\u00f6tt egyetlen kulcsfontoss\u00e1g\u00fa t\u00e9nyez\u0151 \u00e1ll: egy er\u0151s logisztikai csapat. De mit\u0151l lesz egy logisztikai csapat igaz\u00e1n sikeres? Ez nem csak<\/p>\n\t\t<\/div>\n\t\t\n\t\t<a class=\"elementor-post__read-more\" href=\"https:\/\/charlieworks.eu\/hu\/wat-maakt-logistiek-team-succesvol\/\" aria-label=\"Read more about Mit\u0151l lesz sikeres egy logisztikai csapat?\" tabindex=\"-1\" >\n\t\t\tB\u0151vebben\t\t<\/a>\n\n\t\t\t\t<\/div>\n\t\t\t\t<div class=\"elementor-post__meta-data\">\n\t\t\t\t\t<span class=\"elementor-post-date\">\n\t\t\t2026.04.22.\t\t<\/span>\n\t\t\t\t<\/div>\n\t\t\t\t\t<\/div>\n\t\t<\/article>\n\t\t\t\t<article class=\"elementor-post elementor-grid-item post-19737 post type-post status-publish format-standard hentry category-uncategorized-hu\" role=\"listitem\">\n\t\t\t<div class=\"elementor-post__card\">\n\t\t\t\t<div class=\"elementor-post__text\">\n\t\t\t\t<h3 class=\"elementor-post__title\">\n\t\t\t<a href=\"https:\/\/charlieworks.eu\/hu\/logistiek-uitzendbureau-in-jouw-regio-amsterdam-rotterdam-utrecht-en-meer\/\" >\n\t\t\t\tLogisztikai munkaer\u0151-k\u00f6zvet\u00edt\u0151 \u00fcgyn\u00f6ks\u00e9g Amszterdamban, Rotterdamban, Utrechtben \u00e9s m\u00e1shol: hol tal\u00e1lod meg a megfelel\u0151 p\u00e1ros\u00edt\u00e1st?\t\t\t<\/a>\n\t\t<\/h3>\n\t\t\t\t<div class=\"elementor-post__excerpt\">\n\t\t\t<p>Hollandia a logisztik\u00e1ra \u00e9p\u00fcl. A rotterdami kik\u00f6t\u0151t\u0151l a Schiphol k\u00f6rny\u00e9ki eloszt\u00f3k\u00f6zpontokig mindenhol sz\u00fcks\u00e9g van seg\u00edt\u0151 kezekre. A munkaad\u00f3k sz\u00e1m\u00e1ra ez a motiv\u00e1lt szem\u00e9lyzet ut\u00e1ni folyamatos kutat\u00e1st jelenti. A Kelet- \u00e9s D\u00e9l-Eur\u00f3p\u00e1b\u00f3l \u00e9rkez\u0151 munkav\u00e1llal\u00f3k sz\u00e1m\u00e1ra pedig rengeteg lehet\u0151s\u00e9get k\u00edn\u00e1l. Egy amszterdami vagy m\u00e1s nagyv\u00e1rosi logisztikai munkaer\u0151-k\u00f6zvet\u00edt\u0151 \u00fcgyn\u00f6ks\u00e9g \u00f6sszehozza a k\u00e9t felet.<\/p>\n\t\t<\/div>\n\t\t\n\t\t<a class=\"elementor-post__read-more\" href=\"https:\/\/charlieworks.eu\/hu\/logistiek-uitzendbureau-in-jouw-regio-amsterdam-rotterdam-utrecht-en-meer\/\" aria-label=\"Read more about Logisztikai munkaer\u0151-k\u00f6zvet\u00edt\u0151 \u00fcgyn\u00f6ks\u00e9g Amszterdamban, Rotterdamban, Utrechtben \u00e9s m\u00e1shol: hol tal\u00e1lod meg a megfelel\u0151 p\u00e1ros\u00edt\u00e1st?\" tabindex=\"-1\" >\n\t\t\tB\u0151vebben\t\t<\/a>\n\n\t\t\t\t<\/div>\n\t\t\t\t<div class=\"elementor-post__meta-data\">\n\t\t\t\t\t<span class=\"elementor-post-date\">\n\t\t\t2026.04.21.\t\t<\/span>\n\t\t\t\t<\/div>\n\t\t\t\t\t<\/div>\n\t\t<\/article>\n\t\t\t\t<article class=\"elementor-post elementor-grid-item post-19729 post type-post status-publish format-standard hentry category-uncategorized-hu\" role=\"listitem\">\n\t\t\t<div class=\"elementor-post__card\">\n\t\t\t\t<div class=\"elementor-post__text\">\n\t\t\t\t<h3 class=\"elementor-post__title\">\n\t\t\t<a href=\"https:\/\/charlieworks.eu\/hu\/hoeveel-mensen-werken-in-nederland-feiten-en-cijfers-over-de-arbeidsmarkt\/\" >\n\t\t\t\tH\u00e1nyan dolgoznak Hollandi\u00e1ban? T\u00e9nyek \u00e9s adatok a munkaer\u0151piacr\u00f3l\t\t\t<\/a>\n\t\t<\/h3>\n\t\t\t\t<div class=\"elementor-post__excerpt\">\n\t\t\t<p>A holland munkaer\u0151piac folyamatos mozg\u00e1sban van. Aki azon t\u0171n\u0151dik, h\u00e1nyan dolgoznak Hollandi\u00e1ban, olyan adatokkal tal\u00e1lkozik, amelyek az elm\u00falt \u00e9vekben jelent\u0151sen n\u0151ttek. A munkaad\u00f3k szem\u00e9lyzetet keresnek, az \u00e1gazatok munkaer\u0151hi\u00e1nnyal k\u00fczdenek, \u00e9s a vend\u00e9gmunk\u00e1sok egyre nagyobb szerepet j\u00e1tszanak a logisztika, a termel\u00e9s \u00e9s a sz\u00e1ll\u00edt\u00e1s napi szint\u0171 m\u0171k\u00f6dtet\u00e9s\u00e9ben. Ebben a cikkben \u00f6sszefoglaljuk<\/p>\n\t\t<\/div>\n\t\t\n\t\t<a class=\"elementor-post__read-more\" href=\"https:\/\/charlieworks.eu\/hu\/hoeveel-mensen-werken-in-nederland-feiten-en-cijfers-over-de-arbeidsmarkt\/\" aria-label=\"Read more about H\u00e1nyan dolgoznak Hollandi\u00e1ban? T\u00e9nyek \u00e9s adatok a munkaer\u0151piacr\u00f3l\" tabindex=\"-1\" >\n\t\t\tB\u0151vebben\t\t<\/a>\n\n\t\t\t\t<\/div>\n\t\t\t\t<div class=\"elementor-post__meta-data\">\n\t\t\t\t\t<span class=\"elementor-post-date\">\n\t\t\t2026.04.20.\t\t<\/span>\n\t\t\t\t<\/div>\n\t\t\t\t\t<\/div>\n\t\t<\/article>\n\t\t\t\t<article class=\"elementor-post elementor-grid-item post-19703 post type-post status-publish format-standard hentry category-uncategorized-hu\" role=\"listitem\">\n\t\t\t<div class=\"elementor-post__card\">\n\t\t\t\t<div class=\"elementor-post__text\">\n\t\t\t\t<h3 class=\"elementor-post__title\">\n\t\t\t<a href=\"https:\/\/charlieworks.eu\/hu\/uitzendbureau-productie-hoe-kies-je-de-juiste-partner-voor-productiepersoneel\/\" >\n\t\t\t\tTermel\u00e9si munkaer\u0151-k\u00f6zvet\u00edt\u0151 v\u00e1laszt\u00e1sa: mire figyeljen egy j\u00f3 partnern\u00e9l?\t\t\t<\/a>\n\t\t<\/h3>\n\t\t\t\t<div class=\"elementor-post__excerpt\">\n\t\t\t<p>A termel\u0151v\u00e1llalatok folyamatos nyom\u00e1s alatt \u00e1llnak, hogy felt\u00f6lts\u00e9k a l\u00e9tsz\u00e1mkeret\u00fcket. K\u00fcl\u00f6n\u00f6sen cs\u00facsid\u0151szakok, szezon\u00e1lis terhel\u00e9s vagy egy nagy megrendel\u00e9s eset\u00e9n fontos a gyors reakci\u00f3k\u00e9pess\u00e9g. Egy j\u00f3 termel\u00e9si munkaer\u0151-k\u00f6zvet\u00edt\u0151 jelenti a k\u00fcl\u00f6nbs\u00e9get a z\u00f6kken\u0151mentesen m\u0171k\u00f6d\u0151 sor \u00e9s a le\u00e1ll\u00f3 termel\u00e9s k\u00f6z\u00f6tt. De hogyan v\u00e1lassza ki a megfelel\u0151 partnert? Az irod\u00e1k k\u00f6z\u00f6tti k\u00fcl\u00f6nbs\u00e9gek<\/p>\n\t\t<\/div>\n\t\t\n\t\t<a class=\"elementor-post__read-more\" href=\"https:\/\/charlieworks.eu\/hu\/uitzendbureau-productie-hoe-kies-je-de-juiste-partner-voor-productiepersoneel\/\" aria-label=\"Read more about Termel\u00e9si munkaer\u0151-k\u00f6zvet\u00edt\u0151 v\u00e1laszt\u00e1sa: mire figyeljen egy j\u00f3 partnern\u00e9l?\" tabindex=\"-1\" >\n\t\t\tB\u0151vebben\t\t<\/a>\n\n\t\t\t\t<\/div>\n\t\t\t\t<div class=\"elementor-post__meta-data\">\n\t\t\t\t\t<span class=\"elementor-post-date\">\n\t\t\t2026.04.16.\t\t<\/span>\n\t\t\t\t<\/div>\n\t\t\t\t\t<\/div>\n\t\t<\/article>\n\t\t\t\t<article class=\"elementor-post elementor-grid-item post-19690 post type-post status-publish format-standard hentry category-uncategorized-hu\" role=\"listitem\">\n\t\t\t<div class=\"elementor-post__card\">\n\t\t\t\t<div class=\"elementor-post__text\">\n\t\t\t\t<h3 class=\"elementor-post__title\">\n\t\t\t<a href=\"https:\/\/charlieworks.eu\/hu\/werk-in-nederland-met-huisvesting-zo-werkt-het-bij-charlie-works\/\" >\n\t\t\t\tMunka Hollandi\u00e1ban sz\u00e1ll\u00e1ssal: \u00edgy m\u0171k\u00f6dik a Charlie works-n\u00e9l\t\t\t<\/a>\n\t\t<\/h3>\n\t\t\t\t<div class=\"elementor-post__excerpt\">\n\t\t\t<p>Nagy l\u00e9p\u00e9s Hollandi\u00e1ba j\u00f6nni dolgozni. Otthagyod a megszokott k\u00f6rnyezetedet, \u00e9s \u00faj \u00e9letet kezdesz egy m\u00e1sik orsz\u00e1gban. Az egyik legfontosabb k\u00e9rd\u00e9s ilyenkor: hol fogok lakni? A Charlie worksn\u00e9l hollandiai munk\u00e1t kapsz sz\u00e1ll\u00e1ssal egy\u00fctt, amit egyetlen kapcsolattart\u00f3n kereszt\u00fcl int\u00e9z\u00fcnk. Ebben az \u00fatmutat\u00f3ban elmagyar\u00e1zzuk, hogyan m\u0171k\u00f6dik ez pontosan, mire sz\u00e1m\u00edthatsz, \u00e9s mi\u00e9rt jelent<\/p>\n\t\t<\/div>\n\t\t\n\t\t<a class=\"elementor-post__read-more\" href=\"https:\/\/charlieworks.eu\/hu\/werk-in-nederland-met-huisvesting-zo-werkt-het-bij-charlie-works\/\" aria-label=\"Read more about Munka Hollandi\u00e1ban sz\u00e1ll\u00e1ssal: \u00edgy m\u0171k\u00f6dik a Charlie works-n\u00e9l\" tabindex=\"-1\" >\n\t\t\tB\u0151vebben\t\t<\/a>\n\n\t\t\t\t<\/div>\n\t\t\t\t<div class=\"elementor-post__meta-data\">\n\t\t\t\t\t<span class=\"elementor-post-date\">\n\t\t\t2026.04.15.\t\t<\/span>\n\t\t\t\t<\/div>\n\t\t\t\t\t<\/div>\n\t\t<\/article>\n\t\t\t\t<\/div>\n\t\t\n\t\t\t\t<div class=\"e-load-more-anchor\" data-page=\"1\" data-max-page=\"16\" data-next-page=\"https:\/\/charlieworks.eu\/hu\/?e-page-e7b287d=2\"><\/div>\n\t\t\t\t<nav class=\"elementor-pagination\" aria-label=\"Lapsz\u00e1moz\u00e1s\">\n\t\t\t<span class=\"page-numbers prev\">El\u0151z\u0151<\/span>\n<span aria-current=\"page\" class=\"page-numbers current\"><span class=\"elementor-screen-only\">Oldal<\/span>1<\/span>\n<a class=\"page-numbers\" href=\"https:\/\/charlieworks.eu\/hu\/wp-json\/wp\/v2\/pages\/14193\/?e-page-e7b287d=2\"><span class=\"elementor-screen-only\">Oldal<\/span>2<\/a>\n<a class=\"page-numbers\" href=\"https:\/\/charlieworks.eu\/hu\/wp-json\/wp\/v2\/pages\/14193\/?e-page-e7b287d=3\"><span class=\"elementor-screen-only\">Oldal<\/span>3<\/a>\n<a class=\"page-numbers\" href=\"https:\/\/charlieworks.eu\/hu\/wp-json\/wp\/v2\/pages\/14193\/?e-page-e7b287d=4\"><span class=\"elementor-screen-only\">Oldal<\/span>4<\/a>\n<a class=\"page-numbers\" href=\"https:\/\/charlieworks.eu\/hu\/wp-json\/wp\/v2\/pages\/14193\/?e-page-e7b287d=5\"><span class=\"elementor-screen-only\">Oldal<\/span>5<\/a>\n<a class=\"page-numbers next\" href=\"https:\/\/charlieworks.eu\/hu\/?e-page-e7b287d=2\">K\u00f6vetkez\u0151<\/a>\t\t<\/nav>\n\t\t\t\t\t\t<\/div>\n\t\t\t\t<\/div>\n\t\t\t\t\t<\/div>\n\t\t<\/div>\n\t\t\t\t\t<\/div>\n\t\t<\/section>\n\t\t\t\t<\/div>\n\t\t","protected":false},"excerpt":{"rendered":"<p>Charlie blogja<\/p>\n","protected":false},"author":2,"featured_media":0,"parent":0,"menu_order":0,"comment_status":"closed","ping_status":"closed","template":"","meta":{"_acf_changed":false,"footnotes":""},"class_list":["post-14193","page","type-page","status-publish","hentry"],"acf":[],"_links":{"self":[{"href":"https:\/\/charlieworks.eu\/hu\/wp-json\/wp\/v2\/pages\/14193","targetHints":{"allow":["GET"]}}],"collection":[{"href":"https:\/\/charlieworks.eu\/hu\/wp-json\/wp\/v2\/pages"}],"about":[{"href":"https:\/\/charlieworks.eu\/hu\/wp-json\/wp\/v2\/types\/page"}],"author":[{"embeddable":true,"href":"https:\/\/charlieworks.eu\/hu\/wp-json\/wp\/v2\/users\/2"}],"replies":[{"embeddable":true,"href":"https:\/\/charlieworks.eu\/hu\/wp-json\/wp\/v2\/comments?post=14193"}],"version-history":[{"count":1,"href":"https:\/\/charlieworks.eu\/hu\/wp-json\/wp\/v2\/pages\/14193\/revisions"}],"predecessor-version":[{"id":14196,"href":"https:\/\/charlieworks.eu\/hu\/wp-json\/wp\/v2\/pages\/14193\/revisions\/14196"}],"wp:attachment":[{"href":"https:\/\/charlieworks.eu\/hu\/wp-json\/wp\/v2\/media?parent=14193"}],"curies":[{"name":"wp","href":"https:\/\/api.w.org\/{rel}","templated":true}]}}