{"id":13742,"date":"2025-05-30T15:36:14","date_gmt":"2025-05-30T13:36:14","guid":{"rendered":"https:\/\/charlieworks.eu\/accessibility-statement\/"},"modified":"2025-05-30T15:36:24","modified_gmt":"2025-05-30T13:36:24","slug":"accessibility-statement","status":"publish","type":"page","link":"https:\/\/charlieworks.eu\/pl\/accessibility-statement\/","title":{"rendered":"O\u015bwiadczenie o dost\u0119pno\u015bci"},"content":{"rendered":"\n<h6 class=\"wp-block-heading has-text-align-center\">O\u015bwiadczenie o dost\u0119pno\u015bci dla https:\/\/charlieworks.eu<\/h6>\n\n<p><strong>Charlie works<\/strong> zobowi\u0105zuje si\u0119 do zapewnienia dost\u0119pno\u015bci cyfrowej dla os\u00f3b niepe\u0142nosprawnych. Nieustannie poprawiamy komfort u\u017cytkowania dla wszystkich i stosujemy odpowiednie standardy dost\u0119pno\u015bci. <\/p>\n\n<h6 class=\"wp-block-heading\">Status zgodno\u015bci<\/h6>\n\n<p>Wytyczne dotycz\u0105ce dost\u0119pno\u015bci tre\u015bci internetowych (WCAG) okre\u015blaj\u0105 wymagania dla projektant\u00f3w i programist\u00f3w w celu poprawy dost\u0119pno\u015bci dla os\u00f3b niepe\u0142nosprawnych. Okre\u015bla trzy poziomy zgodno\u015bci: poziom A, poziom AA i poziom AAA. <\/p>\n\n<p><strong>Charlie works<\/strong> podejmuje ci\u0105g\u0142e wysi\u0142ki w celu poprawy dost\u0119pno\u015bci swojej witryny i us\u0142ug w przekonaniu, \u017ce naszym wsp\u00f3lnym moralnym obowi\u0105zkiem jest umo\u017cliwienie p\u0142ynnego, dost\u0119pnego i niezak\u0142\u00f3conego korzystania z nich osobom niepe\u0142nosprawnym.<\/p>\n\n<p>D\u0105\u017cymy do tego, aby wszystkie strony i tre\u015bci na <strong>https:\/\/charlieworks.eu<\/strong> by\u0142y dost\u0119pne, ale niekt\u00f3re tre\u015bci mog\u0105 jeszcze nie spe\u0142nia\u0107 najwy\u017cszych standard\u00f3w dost\u0119pno\u015bci. Mo\u017ce to by\u0107 spowodowane wyzwaniami zwi\u0105zanymi z identyfikacj\u0105 najbardziej odpowiedniego rozwi\u0105zania technologicznego. <\/p>\n\n<p>Niniejsze O\u015bwiadczenie mo\u017ce by\u0107 okresowo zmieniane w celu odzwierciedlenia ulepsze\u0144 lub zmian w naszych praktykach dotycz\u0105cych dost\u0119pno\u015bci.<\/p>\n\n<h6 class=\"wp-block-heading\">Informacje zwrotne<\/h6>\n\n<p>Czekamy na Twoj\u0105 opini\u0119 na temat dost\u0119pno\u015bci strony internetowej <strong>Charlie works<\/strong>. Daj nam zna\u0107, je\u015bli napotkasz bariery dost\u0119pno\u015bci na naszej stronie internetowej: <\/p>\n\n<p>E-mail: <strong>dmvd@charlieworks.eu<\/strong><\/p>\n\n<p>Staramy si\u0119 odpowiada\u0107 na opinie w ci\u0105gu 3-5 dni roboczych.<\/p>\n\n<p>To o\u015bwiadczenie zosta\u0142o utworzone w dniu 30-5-2025.  <\/p>\n","protected":false},"excerpt":{"rendered":"<p>O\u015bwiadczenie o dost\u0119pno\u015bci dla https:\/\/charlieworks.eu Charlie works zobowi\u0105zuje si\u0119 do zapewnienia dost\u0119pno\u015bci cyfrowej dla os\u00f3b niepe\u0142nosprawnych. Nieustannie poprawiamy komfort u\u017cytkowania dla wszystkich i stosujemy odpowiednie standardy dost\u0119pno\u015bci. Status zgodno\u015bci Wytyczne dotycz\u0105ce dost\u0119pno\u015bci tre\u015bci internetowych (WCAG) okre\u015blaj\u0105 wymagania dla projektant\u00f3w i programist\u00f3w w celu poprawy dost\u0119pno\u015bci dla os\u00f3b niepe\u0142nosprawnych. Okre\u015bla trzy poziomy zgodno\u015bci: poziom A, poziom [&hellip;]<\/p>\n","protected":false},"author":2,"featured_media":0,"parent":0,"menu_order":0,"comment_status":"closed","ping_status":"closed","template":"","meta":{"_acf_changed":false,"footnotes":""},"class_list":["post-13742","page","type-page","status-publish","hentry"],"acf":[],"_links":{"self":[{"href":"https:\/\/charlieworks.eu\/pl\/wp-json\/wp\/v2\/pages\/13742","targetHints":{"allow":["GET"]}}],"collection":[{"href":"https:\/\/charlieworks.eu\/pl\/wp-json\/wp\/v2\/pages"}],"about":[{"href":"https:\/\/charlieworks.eu\/pl\/wp-json\/wp\/v2\/types\/page"}],"author":[{"embeddable":true,"href":"https:\/\/charlieworks.eu\/pl\/wp-json\/wp\/v2\/users\/2"}],"replies":[{"embeddable":true,"href":"https:\/\/charlieworks.eu\/pl\/wp-json\/wp\/v2\/comments?post=13742"}],"version-history":[{"count":1,"href":"https:\/\/charlieworks.eu\/pl\/wp-json\/wp\/v2\/pages\/13742\/revisions"}],"predecessor-version":[{"id":13743,"href":"https:\/\/charlieworks.eu\/pl\/wp-json\/wp\/v2\/pages\/13742\/revisions\/13743"}],"wp:attachment":[{"href":"https:\/\/charlieworks.eu\/pl\/wp-json\/wp\/v2\/media?parent=13742"}],"curies":[{"name":"wp","href":"https:\/\/api.w.org\/{rel}","templated":true}]}}