{"id":14173,"date":"2024-12-04T12:57:57","date_gmt":"2024-12-04T10:57:57","guid":{"rendered":"https:\/\/charlieworks.eu\/blogs\/"},"modified":"2025-07-28T15:36:03","modified_gmt":"2025-07-28T13:36:03","slug":"blogs","status":"publish","type":"page","link":"https:\/\/charlieworks.eu\/pl\/blogs\/","title":{"rendered":"Blogi"},"content":{"rendered":"\t\t<div data-elementor-type=\"wp-page\" data-elementor-id=\"14173\" class=\"elementor elementor-14173 elementor-11775\" data-elementor-post-type=\"page\">\n\t\t\t\t\t\t<section class=\"elementor-section elementor-top-section elementor-element elementor-element-41cf53fb elementor-section-height-min-height elementor-section-boxed elementor-section-height-default elementor-section-items-middle\" data-id=\"41cf53fb\" data-element_type=\"section\" data-e-type=\"section\" data-settings=\"{&quot;background_background&quot;:&quot;classic&quot;}\">\n\t\t\t\t\t\t<div class=\"elementor-container elementor-column-gap-default\">\n\t\t\t\t\t<div class=\"elementor-column elementor-col-100 elementor-top-column elementor-element elementor-element-3146fe97\" data-id=\"3146fe97\" data-element_type=\"column\" data-e-type=\"column\">\n\t\t\t<div class=\"elementor-widget-wrap elementor-element-populated\">\n\t\t\t\t\t\t<div class=\"elementor-element elementor-element-43688ba6 elementor-widget elementor-widget-heading\" data-id=\"43688ba6\" data-element_type=\"widget\" data-e-type=\"widget\" data-widget_type=\"heading.default\">\n\t\t\t\t<div class=\"elementor-widget-container\">\n\t\t\t\t\t<h2 class=\"elementor-heading-title elementor-size-default\">Charlie bloguje<\/h2>\t\t\t\t<\/div>\n\t\t\t\t<\/div>\n\t\t\t\t\t<\/div>\n\t\t<\/div>\n\t\t\t\t\t<\/div>\n\t\t<\/section>\n\t\t\t\t<section class=\"elementor-section elementor-top-section elementor-element elementor-element-5c1df022 elementor-section-boxed elementor-section-height-default elementor-section-height-default\" data-id=\"5c1df022\" data-element_type=\"section\" data-e-type=\"section\">\n\t\t\t\t\t\t<div class=\"elementor-container elementor-column-gap-default\">\n\t\t\t\t\t<div class=\"elementor-column elementor-col-100 elementor-top-column elementor-element elementor-element-156ce494\" data-id=\"156ce494\" data-element_type=\"column\" data-e-type=\"column\">\n\t\t\t<div class=\"elementor-widget-wrap elementor-element-populated\">\n\t\t\t\t\t\t<div class=\"elementor-element elementor-element-e7b287d elementor-posts__hover-none elementor-grid-3 elementor-grid-tablet-2 elementor-grid-mobile-1 elementor-posts--thumbnail-top elementor-card-shadow-yes elementor-widget elementor-widget-posts\" data-id=\"e7b287d\" data-element_type=\"widget\" data-e-type=\"widget\" data-settings=\"{&quot;pagination_type&quot;:&quot;numbers_and_prev_next&quot;,&quot;cards_columns&quot;:&quot;3&quot;,&quot;cards_columns_tablet&quot;:&quot;2&quot;,&quot;cards_columns_mobile&quot;:&quot;1&quot;,&quot;cards_row_gap&quot;:{&quot;unit&quot;:&quot;px&quot;,&quot;size&quot;:35,&quot;sizes&quot;:[]},&quot;cards_row_gap_laptop&quot;:{&quot;unit&quot;:&quot;px&quot;,&quot;size&quot;:&quot;&quot;,&quot;sizes&quot;:[]},&quot;cards_row_gap_tablet&quot;:{&quot;unit&quot;:&quot;px&quot;,&quot;size&quot;:&quot;&quot;,&quot;sizes&quot;:[]},&quot;cards_row_gap_mobile&quot;:{&quot;unit&quot;:&quot;px&quot;,&quot;size&quot;:&quot;&quot;,&quot;sizes&quot;:[]}}\" data-widget_type=\"posts.cards\">\n\t\t\t\t<div class=\"elementor-widget-container\">\n\t\t\t\t\t\t\t<div class=\"elementor-posts-container elementor-posts elementor-posts--skin-cards elementor-grid\" role=\"list\">\n\t\t\t\t<article class=\"elementor-post elementor-grid-item post-19841 post type-post status-publish format-standard has-post-thumbnail hentry category-bez-kategorii\" role=\"listitem\">\n\t\t\t<div class=\"elementor-post__card\">\n\t\t\t\t<a class=\"elementor-post__thumbnail__link\" href=\"https:\/\/charlieworks.eu\/pl\/logistiek-werk-zonder-ervaring-waar-kun-je-starten\/\" tabindex=\"-1\" ><div class=\"elementor-post__thumbnail\"><img loading=\"lazy\" decoding=\"async\" width=\"300\" height=\"200\" src=\"https:\/\/charlieworks.eu\/wp-content\/uploads\/2026\/04\/Kopie-van-251014-Charlie-Works-x-Intertoys-x-DMVD-27-300x200.webp\" class=\"attachment-medium size-medium wp-image-19842\" alt=\"praca w logistyce\" srcset=\"https:\/\/charlieworks.eu\/wp-content\/uploads\/2026\/04\/Kopie-van-251014-Charlie-Works-x-Intertoys-x-DMVD-27-300x200.webp 300w, https:\/\/charlieworks.eu\/wp-content\/uploads\/2026\/04\/Kopie-van-251014-Charlie-Works-x-Intertoys-x-DMVD-27-1024x683.webp 1024w, https:\/\/charlieworks.eu\/wp-content\/uploads\/2026\/04\/Kopie-van-251014-Charlie-Works-x-Intertoys-x-DMVD-27-768x512.webp 768w, https:\/\/charlieworks.eu\/wp-content\/uploads\/2026\/04\/Kopie-van-251014-Charlie-Works-x-Intertoys-x-DMVD-27-1536x1024.webp 1536w, https:\/\/charlieworks.eu\/wp-content\/uploads\/2026\/04\/Kopie-van-251014-Charlie-Works-x-Intertoys-x-DMVD-27-2048x1365.webp 2048w\" sizes=\"auto, (max-width: 300px) 100vw, 300px\" \/><\/div><\/a>\n\t\t\t\t<div class=\"elementor-post__text\">\n\t\t\t\t<h3 class=\"elementor-post__title\">\n\t\t\t<a href=\"https:\/\/charlieworks.eu\/pl\/logistiek-werk-zonder-ervaring-waar-kun-je-starten\/\" >\n\t\t\t\tPraca w logistyce bez do\u015bwiadczenia: gdzie mo\u017cesz zacz\u0105\u0107?\t\t\t<\/a>\n\t\t<\/h3>\n\t\t\t\t<div class=\"elementor-post__excerpt\">\n\t\t\t<p>Sektor logistyczny w Holandii wci\u0105\u017c ro\u015bnie, a pracy w logistyce nie brakuje. Centra dystrybucyjne staj\u0105 si\u0119 coraz wi\u0119ksze, liczba zam\u00f3wie\u0144 online stale ro\u015bnie, a firmy nieustannie potrzebuj\u0105 pracownik\u00f3w do przetwarzania, przemieszczania i wysy\u0142ki towar\u00f3w. Dobra wiadomo\u015b\u0107 jest taka, \u017ce w przypadku wielu stanowisk logistycznych nie potrzebujesz wieloletniego do\u015bwiadczenia. Wiele os\u00f3b<\/p>\n\t\t<\/div>\n\t\t\n\t\t<a class=\"elementor-post__read-more\" href=\"https:\/\/charlieworks.eu\/pl\/logistiek-werk-zonder-ervaring-waar-kun-je-starten\/\" aria-label=\"Read more about Praca w logistyce bez do\u015bwiadczenia: gdzie mo\u017cesz zacz\u0105\u0107?\" tabindex=\"-1\" >\n\t\t\tCzytaj wi\u0119cej\t\t<\/a>\n\n\t\t\t\t<\/div>\n\t\t\t\t<div class=\"elementor-post__meta-data\">\n\t\t\t\t\t<span class=\"elementor-post-date\">\n\t\t\t2026-04-24\t\t<\/span>\n\t\t\t\t<\/div>\n\t\t\t\t\t<\/div>\n\t\t<\/article>\n\t\t\t\t<article class=\"elementor-post elementor-grid-item post-19823 post type-post status-publish format-standard has-post-thumbnail hentry category-bez-kategorii\" role=\"listitem\">\n\t\t\t<div class=\"elementor-post__card\">\n\t\t\t\t<a class=\"elementor-post__thumbnail__link\" href=\"https:\/\/charlieworks.eu\/pl\/wat-maakt-logistiek-team-succesvol\/\" tabindex=\"-1\" ><div class=\"elementor-post__thumbnail\"><img loading=\"lazy\" decoding=\"async\" width=\"300\" height=\"200\" src=\"https:\/\/charlieworks.eu\/wp-content\/uploads\/2026\/04\/Kopie-van-251014-Charlie-Works-x-Intertoys-x-DMVD-65-300x200.webp\" class=\"attachment-medium size-medium wp-image-19824\" alt=\"logistyka\" srcset=\"https:\/\/charlieworks.eu\/wp-content\/uploads\/2026\/04\/Kopie-van-251014-Charlie-Works-x-Intertoys-x-DMVD-65-300x200.webp 300w, https:\/\/charlieworks.eu\/wp-content\/uploads\/2026\/04\/Kopie-van-251014-Charlie-Works-x-Intertoys-x-DMVD-65-1024x683.webp 1024w, https:\/\/charlieworks.eu\/wp-content\/uploads\/2026\/04\/Kopie-van-251014-Charlie-Works-x-Intertoys-x-DMVD-65-768x512.webp 768w, https:\/\/charlieworks.eu\/wp-content\/uploads\/2026\/04\/Kopie-van-251014-Charlie-Works-x-Intertoys-x-DMVD-65-1536x1024.webp 1536w, https:\/\/charlieworks.eu\/wp-content\/uploads\/2026\/04\/Kopie-van-251014-Charlie-Works-x-Intertoys-x-DMVD-65-2048x1365.webp 2048w\" sizes=\"auto, (max-width: 300px) 100vw, 300px\" \/><\/div><\/a>\n\t\t\t\t<div class=\"elementor-post__text\">\n\t\t\t\t<h3 class=\"elementor-post__title\">\n\t\t\t<a href=\"https:\/\/charlieworks.eu\/pl\/wat-maakt-logistiek-team-succesvol\/\" >\n\t\t\t\tCo sprawia, \u017ce zesp\u00f3\u0142 logistyczny odnosi sukces?\t\t\t<\/a>\n\t\t<\/h3>\n\t\t\t\t<div class=\"elementor-post__excerpt\">\n\t\t\t<p>W logistyce wszystko kr\u0119ci si\u0119 wok\u00f3\u0142 szybko\u015bci, wsp\u00f3\u0142pracy i niezawodno\u015bci. Produkty musz\u0105 by\u0107 przetwarzane na czas, zam\u00f3wienia musz\u0105 by\u0107 poprawnie przygotowane, a magazyny musz\u0105 dzia\u0142a\u0107 efektywnie. Za wszystkimi tymi procesami stoi jeden wa\u017cny czynnik: silny zesp\u00f3\u0142 logistyczny. Ale co tak naprawd\u0119 sprawia, \u017ce zesp\u00f3\u0142 logistyczny odnosi sukces? Nie chodzi tylko<\/p>\n\t\t<\/div>\n\t\t\n\t\t<a class=\"elementor-post__read-more\" href=\"https:\/\/charlieworks.eu\/pl\/wat-maakt-logistiek-team-succesvol\/\" aria-label=\"Read more about Co sprawia, \u017ce zesp\u00f3\u0142 logistyczny odnosi sukces?\" tabindex=\"-1\" >\n\t\t\tCzytaj wi\u0119cej\t\t<\/a>\n\n\t\t\t\t<\/div>\n\t\t\t\t<div class=\"elementor-post__meta-data\">\n\t\t\t\t\t<span class=\"elementor-post-date\">\n\t\t\t2026-04-22\t\t<\/span>\n\t\t\t\t<\/div>\n\t\t\t\t\t<\/div>\n\t\t<\/article>\n\t\t\t\t<article class=\"elementor-post elementor-grid-item post-19738 post type-post status-publish format-standard hentry category-bez-kategorii\" role=\"listitem\">\n\t\t\t<div class=\"elementor-post__card\">\n\t\t\t\t<div class=\"elementor-post__text\">\n\t\t\t\t<h3 class=\"elementor-post__title\">\n\t\t\t<a href=\"https:\/\/charlieworks.eu\/pl\/logistiek-uitzendbureau-in-jouw-regio-amsterdam-rotterdam-utrecht-en-meer\/\" >\n\t\t\t\tLogistyczna agencja pracy w Amsterdamie, Rotterdamie, Utrechcie i nie tylko: gdzie znajdziesz odpowiednie dopasowanie?\t\t\t<\/a>\n\t\t<\/h3>\n\t\t\t\t<div class=\"elementor-post__excerpt\">\n\t\t\t<p>Holandia opiera si\u0119 na logistyce. Od portu w Rotterdamie po centra dystrybucyjne wok\u00f3\u0142 Schiphol: wsz\u0119dzie potrzebne s\u0105 r\u0119ce do pracy. Dla pracodawc\u00f3w oznacza to nieustanne poszukiwanie zmotywowanego personelu. Dla pracownik\u00f3w migruj\u0105cych z Europy Wschodniej i Po\u0142udniowej oznacza to mn\u00f3stwo mo\u017cliwo\u015bci. Logistyczna agencja pracy w Amsterdamie lub innym du\u017cym mie\u015bcie \u0142\u0105czy<\/p>\n\t\t<\/div>\n\t\t\n\t\t<a class=\"elementor-post__read-more\" href=\"https:\/\/charlieworks.eu\/pl\/logistiek-uitzendbureau-in-jouw-regio-amsterdam-rotterdam-utrecht-en-meer\/\" aria-label=\"Read more about Logistyczna agencja pracy w Amsterdamie, Rotterdamie, Utrechcie i nie tylko: gdzie znajdziesz odpowiednie dopasowanie?\" tabindex=\"-1\" >\n\t\t\tCzytaj wi\u0119cej\t\t<\/a>\n\n\t\t\t\t<\/div>\n\t\t\t\t<div class=\"elementor-post__meta-data\">\n\t\t\t\t\t<span class=\"elementor-post-date\">\n\t\t\t2026-04-21\t\t<\/span>\n\t\t\t\t<\/div>\n\t\t\t\t\t<\/div>\n\t\t<\/article>\n\t\t\t\t<article class=\"elementor-post elementor-grid-item post-19730 post type-post status-publish format-standard hentry category-bez-kategorii\" role=\"listitem\">\n\t\t\t<div class=\"elementor-post__card\">\n\t\t\t\t<div class=\"elementor-post__text\">\n\t\t\t\t<h3 class=\"elementor-post__title\">\n\t\t\t<a href=\"https:\/\/charlieworks.eu\/pl\/hoeveel-mensen-werken-in-nederland-feiten-en-cijfers-over-de-arbeidsmarkt\/\" >\n\t\t\t\tIlu ludzi pracuje w Holandii? Fakty i liczby dotycz\u0105ce rynku pracy\t\t\t<\/a>\n\t\t<\/h3>\n\t\t\t\t<div class=\"elementor-post__excerpt\">\n\t\t\t<p>Holenderski rynek pracy dynamicznie si\u0119 zmienia. Ka\u017cdy, kto zastanawia si\u0119, ile os\u00f3b pracuje w Holandii, trafi na dane, kt\u00f3re w ostatnich latach znacznie wzros\u0142y. Pracodawcy szukaj\u0105 personelu, sektory borykaj\u0105 si\u0119 z niedoborami, a migranci zarobkowi odgrywaj\u0105 coraz wi\u0119ksz\u0105 rol\u0119 w codziennym utrzymaniu logistyki, produkcji i transportu. W tym artykule zestawiamy<\/p>\n\t\t<\/div>\n\t\t\n\t\t<a class=\"elementor-post__read-more\" href=\"https:\/\/charlieworks.eu\/pl\/hoeveel-mensen-werken-in-nederland-feiten-en-cijfers-over-de-arbeidsmarkt\/\" aria-label=\"Read more about Ilu ludzi pracuje w Holandii? Fakty i liczby dotycz\u0105ce rynku pracy\" tabindex=\"-1\" >\n\t\t\tCzytaj wi\u0119cej\t\t<\/a>\n\n\t\t\t\t<\/div>\n\t\t\t\t<div class=\"elementor-post__meta-data\">\n\t\t\t\t\t<span class=\"elementor-post-date\">\n\t\t\t2026-04-20\t\t<\/span>\n\t\t\t\t<\/div>\n\t\t\t\t\t<\/div>\n\t\t<\/article>\n\t\t\t\t<article class=\"elementor-post elementor-grid-item post-19702 post type-post status-publish format-standard hentry category-bez-kategorii\" role=\"listitem\">\n\t\t\t<div class=\"elementor-post__card\">\n\t\t\t\t<div class=\"elementor-post__text\">\n\t\t\t\t<h3 class=\"elementor-post__title\">\n\t\t\t<a href=\"https:\/\/charlieworks.eu\/pl\/uitzendbureau-productie-hoe-kies-je-de-juiste-partner-voor-productiepersoneel\/\" >\n\t\t\t\tWyb\u00f3r agencji pracy produkcyjnej: na co zwr\u00f3ci\u0107 uwag\u0119 u dobrego partnera?\t\t\t<\/a>\n\t\t<\/h3>\n\t\t\t\t<div class=\"elementor-post__excerpt\">\n\t\t\t<p>Firmy produkcyjne znajduj\u0105 si\u0119 pod ci\u0105g\u0142\u0105 presj\u0105, aby zapewni\u0107 pe\u0142n\u0105 obsad\u0119 kadrow\u0105. Szczeg\u00f3lnie w okresach szczytowych, sezonowego nat\u0119\u017cenia ruchu lub przy du\u017cych zam\u00f3wieniach, kluczowa jest mo\u017cliwo\u015b\u0107 szybkiego reagowania. Dobra agencja pracy produkcyjnej stanowi wtedy r\u00f3\u017cnic\u0119 mi\u0119dzy p\u0142ynnie dzia\u0142aj\u0105c\u0105 lini\u0105 a przestojem w produkcji. Ale jak wybra\u0107 w\u0142a\u015bciwego partnera? R\u00f3\u017cnice mi\u0119dzy<\/p>\n\t\t<\/div>\n\t\t\n\t\t<a class=\"elementor-post__read-more\" href=\"https:\/\/charlieworks.eu\/pl\/uitzendbureau-productie-hoe-kies-je-de-juiste-partner-voor-productiepersoneel\/\" aria-label=\"Read more about Wyb\u00f3r agencji pracy produkcyjnej: na co zwr\u00f3ci\u0107 uwag\u0119 u dobrego partnera?\" tabindex=\"-1\" >\n\t\t\tCzytaj wi\u0119cej\t\t<\/a>\n\n\t\t\t\t<\/div>\n\t\t\t\t<div class=\"elementor-post__meta-data\">\n\t\t\t\t\t<span class=\"elementor-post-date\">\n\t\t\t2026-04-16\t\t<\/span>\n\t\t\t\t<\/div>\n\t\t\t\t\t<\/div>\n\t\t<\/article>\n\t\t\t\t<article class=\"elementor-post elementor-grid-item post-19688 post type-post status-publish format-standard hentry category-bez-kategorii\" role=\"listitem\">\n\t\t\t<div class=\"elementor-post__card\">\n\t\t\t\t<div class=\"elementor-post__text\">\n\t\t\t\t<h3 class=\"elementor-post__title\">\n\t\t\t<a href=\"https:\/\/charlieworks.eu\/pl\/werk-in-nederland-met-huisvesting-zo-werkt-het-bij-charlie-works\/\" >\n\t\t\t\tPraca w Holandii z zakwaterowaniem: tak to dzia\u0142a w Charlie works\t\t\t<\/a>\n\t\t<\/h3>\n\t\t\t\t<div class=\"elementor-post__excerpt\">\n\t\t\t<p>Przyjazd do pracy do Holandii to du\u017cy krok. Zostawiasz swoje znane otoczenie i zaczynasz od nowa w innym kraju. Jedno z najwa\u017cniejszych pyta\u0144, jakie si\u0119 wtedy pojawia, brzmi: gdzie b\u0119d\u0119 mieszka\u0107? W Charlie works otrzymasz prac\u0119 w Holandii z zakwaterowaniem zorganizowanym przez jeden punkt kontaktowy. W tym przewodniku wyja\u015bniamy, jak<\/p>\n\t\t<\/div>\n\t\t\n\t\t<a class=\"elementor-post__read-more\" href=\"https:\/\/charlieworks.eu\/pl\/werk-in-nederland-met-huisvesting-zo-werkt-het-bij-charlie-works\/\" aria-label=\"Read more about Praca w Holandii z zakwaterowaniem: tak to dzia\u0142a w Charlie works\" tabindex=\"-1\" >\n\t\t\tCzytaj wi\u0119cej\t\t<\/a>\n\n\t\t\t\t<\/div>\n\t\t\t\t<div class=\"elementor-post__meta-data\">\n\t\t\t\t\t<span class=\"elementor-post-date\">\n\t\t\t2026-04-15\t\t<\/span>\n\t\t\t\t<\/div>\n\t\t\t\t\t<\/div>\n\t\t<\/article>\n\t\t\t\t<\/div>\n\t\t\n\t\t\t\t<div class=\"e-load-more-anchor\" data-page=\"1\" data-max-page=\"16\" data-next-page=\"https:\/\/charlieworks.eu\/pl\/?e-page-e7b287d=2\"><\/div>\n\t\t\t\t<nav class=\"elementor-pagination\" aria-label=\"Paginacja\">\n\t\t\t<span class=\"page-numbers prev\">Poprzedni<\/span>\n<span aria-current=\"page\" class=\"page-numbers current\"><span class=\"elementor-screen-only\">Strona<\/span>1<\/span>\n<a class=\"page-numbers\" href=\"https:\/\/charlieworks.eu\/pl\/wp-json\/wp\/v2\/pages\/14173\/?e-page-e7b287d=2\"><span class=\"elementor-screen-only\">Strona<\/span>2<\/a>\n<a class=\"page-numbers\" href=\"https:\/\/charlieworks.eu\/pl\/wp-json\/wp\/v2\/pages\/14173\/?e-page-e7b287d=3\"><span class=\"elementor-screen-only\">Strona<\/span>3<\/a>\n<a class=\"page-numbers\" href=\"https:\/\/charlieworks.eu\/pl\/wp-json\/wp\/v2\/pages\/14173\/?e-page-e7b287d=4\"><span class=\"elementor-screen-only\">Strona<\/span>4<\/a>\n<a class=\"page-numbers\" href=\"https:\/\/charlieworks.eu\/pl\/wp-json\/wp\/v2\/pages\/14173\/?e-page-e7b287d=5\"><span class=\"elementor-screen-only\">Strona<\/span>5<\/a>\n<a class=\"page-numbers next\" href=\"https:\/\/charlieworks.eu\/pl\/?e-page-e7b287d=2\">Nast\u0119pny<\/a>\t\t<\/nav>\n\t\t\t\t\t\t<\/div>\n\t\t\t\t<\/div>\n\t\t\t\t\t<\/div>\n\t\t<\/div>\n\t\t\t\t\t<\/div>\n\t\t<\/section>\n\t\t\t\t<\/div>\n\t\t","protected":false},"excerpt":{"rendered":"<p>Charlie bloguje<\/p>\n","protected":false},"author":2,"featured_media":0,"parent":0,"menu_order":0,"comment_status":"closed","ping_status":"closed","template":"","meta":{"_acf_changed":false,"footnotes":""},"class_list":["post-14173","page","type-page","status-publish","hentry"],"acf":[],"_links":{"self":[{"href":"https:\/\/charlieworks.eu\/pl\/wp-json\/wp\/v2\/pages\/14173","targetHints":{"allow":["GET"]}}],"collection":[{"href":"https:\/\/charlieworks.eu\/pl\/wp-json\/wp\/v2\/pages"}],"about":[{"href":"https:\/\/charlieworks.eu\/pl\/wp-json\/wp\/v2\/types\/page"}],"author":[{"embeddable":true,"href":"https:\/\/charlieworks.eu\/pl\/wp-json\/wp\/v2\/users\/2"}],"replies":[{"embeddable":true,"href":"https:\/\/charlieworks.eu\/pl\/wp-json\/wp\/v2\/comments?post=14173"}],"version-history":[{"count":1,"href":"https:\/\/charlieworks.eu\/pl\/wp-json\/wp\/v2\/pages\/14173\/revisions"}],"predecessor-version":[{"id":14179,"href":"https:\/\/charlieworks.eu\/pl\/wp-json\/wp\/v2\/pages\/14173\/revisions\/14179"}],"wp:attachment":[{"href":"https:\/\/charlieworks.eu\/pl\/wp-json\/wp\/v2\/media?parent=14173"}],"curies":[{"name":"wp","href":"https:\/\/api.w.org\/{rel}","templated":true}]}}