{"id":8196,"date":"2024-09-02T15:19:10","date_gmt":"2024-09-02T13:19:10","guid":{"rendered":"https:\/\/charlieworks.eu\/dzieki-aplikacja\/"},"modified":"2026-01-09T15:57:04","modified_gmt":"2026-01-09T13:57:04","slug":"dziekujemy-aplikacja","status":"publish","type":"page","link":"https:\/\/charlieworks.eu\/pl\/dziekujemy-aplikacja\/","title":{"rendered":"Dzi\u0119kujemy &#8211; aplikacja"},"content":{"rendered":"\t\t<div data-elementor-type=\"wp-page\" data-elementor-id=\"8196\" class=\"elementor elementor-8196 elementor-8178\" data-elementor-post-type=\"page\">\n\t\t\t\t\t\t<section class=\"elementor-section elementor-top-section elementor-element elementor-element-16a13781 section-banner jobs-sec elementor-section-height-full elementor-section-boxed elementor-section-height-default elementor-section-items-middle\" data-id=\"16a13781\" data-element_type=\"section\" data-e-type=\"section\" data-settings=\"{&quot;background_background&quot;:&quot;classic&quot;}\">\n\t\t\t\t\t\t<div class=\"elementor-container elementor-column-gap-default\">\n\t\t\t\t\t<div class=\"elementor-column elementor-col-100 elementor-top-column elementor-element elementor-element-6a1881d5\" data-id=\"6a1881d5\" data-element_type=\"column\" data-e-type=\"column\">\n\t\t\t<div class=\"elementor-widget-wrap elementor-element-populated\">\n\t\t\t\t\t\t<section class=\"elementor-section elementor-inner-section elementor-element elementor-element-24577fd4 elementor-section-content-middle elementor-section-boxed elementor-section-height-default elementor-section-height-default\" data-id=\"24577fd4\" data-element_type=\"section\" data-e-type=\"section\">\n\t\t\t\t\t\t<div class=\"elementor-container elementor-column-gap-default\">\n\t\t\t\t\t<div class=\"elementor-column elementor-col-100 elementor-inner-column elementor-element elementor-element-7013a347\" data-id=\"7013a347\" data-element_type=\"column\" data-e-type=\"column\">\n\t\t\t<div class=\"elementor-widget-wrap elementor-element-populated\">\n\t\t\t\t\t\t<div class=\"elementor-element elementor-element-4cd87d30 elementor-widget__width-inherit elementor-invisible elementor-widget elementor-widget-heading\" data-id=\"4cd87d30\" data-element_type=\"widget\" data-e-type=\"widget\" data-settings=\"{&quot;_animation&quot;:&quot;fadeInUp&quot;}\" data-widget_type=\"heading.default\">\n\t\t\t\t<div class=\"elementor-widget-container\">\n\t\t\t\t\t<h1 class=\"elementor-heading-title elementor-size-default\">Dzi\u0119kujemy za zg\u0142oszenie!<\/h1>\t\t\t\t<\/div>\n\t\t\t\t<\/div>\n\t\t\t\t<div class=\"elementor-element elementor-element-b689626 elementor-invisible elementor-widget elementor-widget-text-editor\" data-id=\"b689626\" data-element_type=\"widget\" data-e-type=\"widget\" data-settings=\"{&quot;_animation&quot;:&quot;fadeInUp&quot;}\" data-widget_type=\"text-editor.default\">\n\t\t\t\t<div class=\"elementor-widget-container\">\n\t\t\t\t\t\t\t\t\t<p>Wkr\u00f3tce skontaktujemy si\u0119 z Tob\u0105.<\/p>\t\t\t\t\t\t\t\t<\/div>\n\t\t\t\t<\/div>\n\t\t\t\t<div class=\"elementor-element elementor-element-528aa5a elementor-align-left elementor-widget__width-auto elementor-invisible elementor-widget elementor-widget-button\" data-id=\"528aa5a\" data-element_type=\"widget\" data-e-type=\"widget\" data-settings=\"{&quot;_animation&quot;:&quot;fadeInUp&quot;}\" data-widget_type=\"button.default\">\n\t\t\t\t<div class=\"elementor-widget-container\">\n\t\t\t\t\t\t\t\t\t<div class=\"elementor-button-wrapper\">\n\t\t\t\t\t<a class=\"elementor-button elementor-button-link elementor-size-sm\" href=\"https:\/\/charlieworks.eu\/pl\/\">\n\t\t\t\t\t\t<span class=\"elementor-button-content-wrapper\">\n\t\t\t\t\t\t<span class=\"elementor-button-icon\">\n\t\t\t\t<svg xmlns=\"http:\/\/www.w3.org\/2000\/svg\" width=\"37\" height=\"36\" viewBox=\"0 0 37 36\" fill=\"none\"><path d=\"M36.125 18C36.125 27.9411 28.0661 36 18.125 36C8.18387 36 0.125 27.9411 0.125 18C0.125 8.05887 8.18387 0 18.125 0C28.0661 0 36.125 8.05887 36.125 18Z\" fill=\"white\" fill-opacity=\"0.2\"><\/path><path d=\"M23.8521 21.1119V13.157C23.8489 13.0089 23.8165 12.8629 23.7567 12.7274C23.6426 12.4542 23.4254 12.2369 23.1521 12.1228C23.0166 12.063 22.8706 12.0306 22.7225 12.0274L14.7676 12.0274C14.6193 12.0274 14.4724 12.0566 14.3353 12.1133C14.1983 12.1701 14.0737 12.2533 13.9688 12.3582C13.757 12.57 13.638 12.8574 13.638 13.157C13.638 13.4565 13.757 13.7439 13.9688 13.9557C14.1807 14.1675 14.468 14.2866 14.7676 14.2866L20.0099 14.2786L13.9721 20.3164C13.7611 20.5274 13.6426 20.8135 13.6426 21.1119C13.6426 21.4103 13.7611 21.6964 13.9721 21.9074C14.1831 22.1184 14.4692 22.2369 14.7676 22.2369C15.066 22.2369 15.3521 22.1184 15.5631 21.9074L21.6009 15.8696L21.5929 21.1119C21.5923 21.2604 21.6211 21.4076 21.6777 21.5449C21.7342 21.6822 21.8174 21.807 21.9224 21.912C22.0275 22.017 22.1522 22.1002 22.2895 22.1568C22.4269 22.2133 22.574 22.2421 22.7225 22.2415C22.8711 22.2421 23.0182 22.2133 23.1555 22.1568C23.2929 22.1002 23.4176 22.017 23.5227 21.912C23.6277 21.807 23.7109 21.6822 23.7674 21.5449C23.824 21.4076 23.8528 21.2604 23.8521 21.1119Z\" fill=\"white\"><\/path><\/svg>\t\t\t<\/span>\n\t\t\t\t\t\t\t\t\t<span class=\"elementor-button-text\">Powr\u00f3t do strony g\u0142\u00f3wnej<\/span>\n\t\t\t\t\t<\/span>\n\t\t\t\t\t<\/a>\n\t\t\t\t<\/div>\n\t\t\t\t\t\t\t\t<\/div>\n\t\t\t\t<\/div>\n\t\t\t\t\t<\/div>\n\t\t<\/div>\n\t\t\t\t\t<\/div>\n\t\t<\/section>\n\t\t\t\t\t<\/div>\n\t\t<\/div>\n\t\t\t\t\t<\/div>\n\t\t<\/section>\n\t\t\t\t<\/div>\n\t\t","protected":false},"excerpt":{"rendered":"<p>Dzi\u0119kujemy za zg\u0142oszenie! Wkr\u00f3tce skontaktujemy si\u0119 z Tob\u0105. Powr\u00f3t do strony g\u0142\u00f3wnej<\/p>\n","protected":false},"author":2,"featured_media":0,"parent":0,"menu_order":0,"comment_status":"closed","ping_status":"closed","template":"","meta":{"_acf_changed":false,"footnotes":""},"class_list":["post-8196","page","type-page","status-publish","hentry"],"acf":[],"_links":{"self":[{"href":"https:\/\/charlieworks.eu\/pl\/wp-json\/wp\/v2\/pages\/8196","targetHints":{"allow":["GET"]}}],"collection":[{"href":"https:\/\/charlieworks.eu\/pl\/wp-json\/wp\/v2\/pages"}],"about":[{"href":"https:\/\/charlieworks.eu\/pl\/wp-json\/wp\/v2\/types\/page"}],"author":[{"embeddable":true,"href":"https:\/\/charlieworks.eu\/pl\/wp-json\/wp\/v2\/users\/2"}],"replies":[{"embeddable":true,"href":"https:\/\/charlieworks.eu\/pl\/wp-json\/wp\/v2\/comments?post=8196"}],"version-history":[{"count":3,"href":"https:\/\/charlieworks.eu\/pl\/wp-json\/wp\/v2\/pages\/8196\/revisions"}],"predecessor-version":[{"id":16672,"href":"https:\/\/charlieworks.eu\/pl\/wp-json\/wp\/v2\/pages\/8196\/revisions\/16672"}],"wp:attachment":[{"href":"https:\/\/charlieworks.eu\/pl\/wp-json\/wp\/v2\/media?parent=8196"}],"curies":[{"name":"wp","href":"https:\/\/api.w.org\/{rel}","templated":true}]}}