{"id":13746,"date":"2025-05-30T15:36:14","date_gmt":"2025-05-30T13:36:14","guid":{"rendered":"https:\/\/charlieworks.eu\/accessibility-statement\/"},"modified":"2025-05-30T15:36:26","modified_gmt":"2025-05-30T13:36:26","slug":"accessibility-statement","status":"publish","type":"page","link":"https:\/\/charlieworks.eu\/sk\/accessibility-statement\/","title":{"rendered":"Vyhl\u00e1senie o pr\u00edstupnosti"},"content":{"rendered":"\n<h6 class=\"wp-block-heading has-text-align-center\">Vyhl\u00e1senie o pr\u00edstupnosti pre https:\/\/charlieworks.eu<\/h6>\n\n<p>Spolo\u010dnos\u0165 <strong>Charlie works<\/strong> sa zaviazala zabezpe\u010di\u0165 digit\u00e1lnu dostupnos\u0165 pre \u013eud\u00ed so zdravotn\u00fdm postihnut\u00edm. Neust\u00e1le zlep\u0161ujeme pou\u017e\u00edvate\u013esk\u00fa sk\u00fasenos\u0165 pre v\u0161etk\u00fdch a uplat\u0148ujeme pr\u00edslu\u0161n\u00e9 normy pr\u00edstupnosti. <\/p>\n\n<h6 class=\"wp-block-heading\">Stav zhody<\/h6>\n\n<p>V usmerneniach pre pr\u00edstupnos\u0165 webov\u00e9ho obsahu (WCAG) s\u00fa definovan\u00e9 po\u017eiadavky pre dizajn\u00e9rov a v\u00fdvoj\u00e1rov na zlep\u0161enie pr\u00edstupnosti pre osoby so zdravotn\u00fdm postihnut\u00edm. Definuje tri \u00farovne zhody: \u00farove\u0148 A, \u00farove\u0148 AA a \u00farove\u0148 AAA. <\/p>\n\n<p><strong>Spolo\u010dnos\u0165 Charlie works<\/strong> sa neust\u00e1le sna\u017e\u00ed zlep\u0161ova\u0165 pr\u00edstupnos\u0165 svojich str\u00e1nok a slu\u017eieb v presved\u010den\u00ed, \u017ee je na\u0161ou spolo\u010dnou mor\u00e1lnou povinnos\u0165ou umo\u017eni\u0165 bezprobl\u00e9mov\u00e9, pr\u00edstupn\u00e9 a neobmedzen\u00e9 pou\u017e\u00edvanie pre osoby so zdravotn\u00fdm postihnut\u00edm.<\/p>\n\n<p>Sna\u017e\u00edme sa, aby boli v\u0161etky str\u00e1nky a obsah na <strong>https:\/\/charlieworks.eu<\/strong> pr\u00edstupn\u00e9, ale niektor\u00e9 \u010dasti obsahu e\u0161te nemusia \u00faplne sp\u013a\u0148a\u0165 najvy\u0161\u0161ie \u0161tandardy pr\u00edstupnosti. D\u00f4vodom m\u00f4\u017eu by\u0165 probl\u00e9my pri h\u013eadan\u00ed najvhodnej\u0161ieho technologick\u00e9ho rie\u0161enia. <\/p>\n\n<p>Toto vyhl\u00e1senie m\u00f4\u017eeme pravidelne revidova\u0165, aby odr\u00e1\u017ealo zlep\u0161enia alebo zmeny na\u0161ich postupov v oblasti pr\u00edstupnosti.<\/p>\n\n<h6 class=\"wp-block-heading\">Sp\u00e4tn\u00e1 v\u00e4zba<\/h6>\n\n<p>Uv\u00edtame va\u0161u sp\u00e4tn\u00fa v\u00e4zbu k pr\u00edstupnosti webovej str\u00e1nky <strong>Charlie works<\/strong>. Ak sa na na\u0161ej webovej lokalite stretnete s prek\u00e1\u017ekami v pr\u00edstupnosti, dajte n\u00e1m pros\u00edm vedie\u0165: <\/p>\n\n<p>E-mail: <strong>dmvd@charlieworks.eu<\/strong><\/p>\n\n<p>Na sp\u00e4tn\u00fa v\u00e4zbu sa sna\u017e\u00edme odpoveda\u0165 do 3 a\u017e 5 pracovn\u00fdch dn\u00ed.<\/p>\n\n<p>Tento v\u00fdkaz bol vytvoren\u00fd 30. 5. 2025.  <\/p>\n","protected":false},"excerpt":{"rendered":"<p>Vyhl\u00e1senie o pr\u00edstupnosti pre https:\/\/charlieworks.eu Spolo\u010dnos\u0165 Charlie works sa zaviazala zabezpe\u010di\u0165 digit\u00e1lnu dostupnos\u0165 pre \u013eud\u00ed so zdravotn\u00fdm postihnut\u00edm. Neust\u00e1le zlep\u0161ujeme pou\u017e\u00edvate\u013esk\u00fa sk\u00fasenos\u0165 pre v\u0161etk\u00fdch a uplat\u0148ujeme pr\u00edslu\u0161n\u00e9 normy pr\u00edstupnosti. Stav zhody V usmerneniach pre pr\u00edstupnos\u0165 webov\u00e9ho obsahu (WCAG) s\u00fa definovan\u00e9 po\u017eiadavky pre dizajn\u00e9rov a v\u00fdvoj\u00e1rov na zlep\u0161enie pr\u00edstupnosti pre osoby so zdravotn\u00fdm postihnut\u00edm. Definuje tri [&hellip;]<\/p>\n","protected":false},"author":2,"featured_media":0,"parent":0,"menu_order":0,"comment_status":"closed","ping_status":"closed","template":"","meta":{"_acf_changed":false,"footnotes":""},"class_list":["post-13746","page","type-page","status-publish","hentry"],"acf":[],"_links":{"self":[{"href":"https:\/\/charlieworks.eu\/sk\/wp-json\/wp\/v2\/pages\/13746","targetHints":{"allow":["GET"]}}],"collection":[{"href":"https:\/\/charlieworks.eu\/sk\/wp-json\/wp\/v2\/pages"}],"about":[{"href":"https:\/\/charlieworks.eu\/sk\/wp-json\/wp\/v2\/types\/page"}],"author":[{"embeddable":true,"href":"https:\/\/charlieworks.eu\/sk\/wp-json\/wp\/v2\/users\/2"}],"replies":[{"embeddable":true,"href":"https:\/\/charlieworks.eu\/sk\/wp-json\/wp\/v2\/comments?post=13746"}],"version-history":[{"count":1,"href":"https:\/\/charlieworks.eu\/sk\/wp-json\/wp\/v2\/pages\/13746\/revisions"}],"predecessor-version":[{"id":13747,"href":"https:\/\/charlieworks.eu\/sk\/wp-json\/wp\/v2\/pages\/13746\/revisions\/13747"}],"wp:attachment":[{"href":"https:\/\/charlieworks.eu\/sk\/wp-json\/wp\/v2\/media?parent=13746"}],"curies":[{"name":"wp","href":"https:\/\/api.w.org\/{rel}","templated":true}]}}