{"id":14172,"date":"2024-12-04T12:57:57","date_gmt":"2024-12-04T10:57:57","guid":{"rendered":"https:\/\/charlieworks.eu\/blogs\/"},"modified":"2025-07-28T15:36:03","modified_gmt":"2025-07-28T13:36:03","slug":"blogs","status":"publish","type":"page","link":"https:\/\/charlieworks.eu\/sk\/blogs\/","title":{"rendered":"Blogy"},"content":{"rendered":"\t\t<div data-elementor-type=\"wp-page\" data-elementor-id=\"14172\" class=\"elementor elementor-14172 elementor-11775\" data-elementor-post-type=\"page\">\n\t\t\t\t\t\t<section class=\"elementor-section elementor-top-section elementor-element elementor-element-41cf53fb elementor-section-height-min-height elementor-section-boxed elementor-section-height-default elementor-section-items-middle\" data-id=\"41cf53fb\" data-element_type=\"section\" data-e-type=\"section\" data-settings=\"{&quot;background_background&quot;:&quot;classic&quot;}\">\n\t\t\t\t\t\t<div class=\"elementor-container elementor-column-gap-default\">\n\t\t\t\t\t<div class=\"elementor-column elementor-col-100 elementor-top-column elementor-element elementor-element-3146fe97\" data-id=\"3146fe97\" data-element_type=\"column\" data-e-type=\"column\">\n\t\t\t<div class=\"elementor-widget-wrap elementor-element-populated\">\n\t\t\t\t\t\t<div class=\"elementor-element elementor-element-43688ba6 elementor-widget elementor-widget-heading\" data-id=\"43688ba6\" data-element_type=\"widget\" data-e-type=\"widget\" data-widget_type=\"heading.default\">\n\t\t\t\t<div class=\"elementor-widget-container\">\n\t\t\t\t\t<h2 class=\"elementor-heading-title elementor-size-default\">Charlie bloguje<\/h2>\t\t\t\t<\/div>\n\t\t\t\t<\/div>\n\t\t\t\t\t<\/div>\n\t\t<\/div>\n\t\t\t\t\t<\/div>\n\t\t<\/section>\n\t\t\t\t<section class=\"elementor-section elementor-top-section elementor-element elementor-element-5c1df022 elementor-section-boxed elementor-section-height-default elementor-section-height-default\" data-id=\"5c1df022\" data-element_type=\"section\" data-e-type=\"section\">\n\t\t\t\t\t\t<div class=\"elementor-container elementor-column-gap-default\">\n\t\t\t\t\t<div class=\"elementor-column elementor-col-100 elementor-top-column elementor-element elementor-element-156ce494\" data-id=\"156ce494\" data-element_type=\"column\" data-e-type=\"column\">\n\t\t\t<div class=\"elementor-widget-wrap elementor-element-populated\">\n\t\t\t\t\t\t<div class=\"elementor-element elementor-element-e7b287d elementor-posts__hover-none elementor-grid-3 elementor-grid-tablet-2 elementor-grid-mobile-1 elementor-posts--thumbnail-top elementor-card-shadow-yes elementor-widget elementor-widget-posts\" data-id=\"e7b287d\" data-element_type=\"widget\" data-e-type=\"widget\" data-settings=\"{&quot;pagination_type&quot;:&quot;numbers_and_prev_next&quot;,&quot;cards_columns&quot;:&quot;3&quot;,&quot;cards_columns_tablet&quot;:&quot;2&quot;,&quot;cards_columns_mobile&quot;:&quot;1&quot;,&quot;cards_row_gap&quot;:{&quot;unit&quot;:&quot;px&quot;,&quot;size&quot;:35,&quot;sizes&quot;:[]},&quot;cards_row_gap_laptop&quot;:{&quot;unit&quot;:&quot;px&quot;,&quot;size&quot;:&quot;&quot;,&quot;sizes&quot;:[]},&quot;cards_row_gap_tablet&quot;:{&quot;unit&quot;:&quot;px&quot;,&quot;size&quot;:&quot;&quot;,&quot;sizes&quot;:[]},&quot;cards_row_gap_mobile&quot;:{&quot;unit&quot;:&quot;px&quot;,&quot;size&quot;:&quot;&quot;,&quot;sizes&quot;:[]}}\" data-widget_type=\"posts.cards\">\n\t\t\t\t<div class=\"elementor-widget-container\">\n\t\t\t\t\t\t\t<div class=\"elementor-posts-container elementor-posts elementor-posts--skin-cards elementor-grid\" role=\"list\">\n\t\t\t\t<article class=\"elementor-post elementor-grid-item post-19838 post type-post status-publish format-standard has-post-thumbnail hentry category-uncategorized-sk\" role=\"listitem\">\n\t\t\t<div class=\"elementor-post__card\">\n\t\t\t\t<a class=\"elementor-post__thumbnail__link\" href=\"https:\/\/charlieworks.eu\/sk\/logistiek-werk-zonder-ervaring-waar-kun-je-starten\/\" tabindex=\"-1\" ><div class=\"elementor-post__thumbnail\"><img loading=\"lazy\" decoding=\"async\" width=\"300\" height=\"200\" src=\"https:\/\/charlieworks.eu\/wp-content\/uploads\/2026\/04\/Kopie-van-251014-Charlie-Works-x-Intertoys-x-DMVD-27-300x200.webp\" class=\"attachment-medium size-medium wp-image-19839\" alt=\"logistick\u00e1 pr\u00e1ca\" srcset=\"https:\/\/charlieworks.eu\/wp-content\/uploads\/2026\/04\/Kopie-van-251014-Charlie-Works-x-Intertoys-x-DMVD-27-300x200.webp 300w, https:\/\/charlieworks.eu\/wp-content\/uploads\/2026\/04\/Kopie-van-251014-Charlie-Works-x-Intertoys-x-DMVD-27-1024x683.webp 1024w, https:\/\/charlieworks.eu\/wp-content\/uploads\/2026\/04\/Kopie-van-251014-Charlie-Works-x-Intertoys-x-DMVD-27-768x512.webp 768w, https:\/\/charlieworks.eu\/wp-content\/uploads\/2026\/04\/Kopie-van-251014-Charlie-Works-x-Intertoys-x-DMVD-27-1536x1024.webp 1536w, https:\/\/charlieworks.eu\/wp-content\/uploads\/2026\/04\/Kopie-van-251014-Charlie-Works-x-Intertoys-x-DMVD-27-2048x1365.webp 2048w\" sizes=\"auto, (max-width: 300px) 100vw, 300px\" \/><\/div><\/a>\n\t\t\t\t<div class=\"elementor-post__text\">\n\t\t\t\t<h3 class=\"elementor-post__title\">\n\t\t\t<a href=\"https:\/\/charlieworks.eu\/sk\/logistiek-werk-zonder-ervaring-waar-kun-je-starten\/\" >\n\t\t\t\tLogistick\u00e1 pr\u00e1ca bez sk\u00fasenost\u00ed: kde m\u00f4\u017eete za\u010da\u0165?\t\t\t<\/a>\n\t\t<\/h3>\n\t\t\t\t<div class=\"elementor-post__excerpt\">\n\t\t\t<p>Logistick\u00fd sektor v Holandsku st\u00e1le rastie a logistickej pr\u00e1ce je dostatok. Distribu\u010dn\u00e9 centr\u00e1 sa zv\u00e4\u010d\u0161uj\u00fa, online objedn\u00e1vky na\u010falej prib\u00fadaj\u00fa a spolo\u010dnosti neust\u00e1le potrebuj\u00fa zamestnancov na spracovanie, presun a odosielanie tovaru. Dobrou spr\u00e1vou je, \u017ee na mnoh\u00e9 logistick\u00e9 poz\u00edcie nepotrebujete dlhoro\u010dn\u00e9 sk\u00fasenosti. Mnoho \u013eud\u00ed za\u010d\u00edna svoju kari\u00e9ru v logistike bez predch\u00e1dzaj\u00facich<\/p>\n\t\t<\/div>\n\t\t\n\t\t<a class=\"elementor-post__read-more\" href=\"https:\/\/charlieworks.eu\/sk\/logistiek-werk-zonder-ervaring-waar-kun-je-starten\/\" aria-label=\"Read more about Logistick\u00e1 pr\u00e1ca bez sk\u00fasenost\u00ed: kde m\u00f4\u017eete za\u010da\u0165?\" tabindex=\"-1\" >\n\t\t\tPre\u010d\u00edtajte si viac\t\t<\/a>\n\n\t\t\t\t<\/div>\n\t\t\t\t<div class=\"elementor-post__meta-data\">\n\t\t\t\t\t<span class=\"elementor-post-date\">\n\t\t\t24. apr\u00edla 2026\t\t<\/span>\n\t\t\t\t<\/div>\n\t\t\t\t\t<\/div>\n\t\t<\/article>\n\t\t\t\t<article class=\"elementor-post elementor-grid-item post-19820 post type-post status-publish format-standard has-post-thumbnail hentry category-uncategorized-sk\" role=\"listitem\">\n\t\t\t<div class=\"elementor-post__card\">\n\t\t\t\t<a class=\"elementor-post__thumbnail__link\" href=\"https:\/\/charlieworks.eu\/sk\/wat-maakt-logistiek-team-succesvol\/\" tabindex=\"-1\" ><div class=\"elementor-post__thumbnail\"><img loading=\"lazy\" decoding=\"async\" width=\"300\" height=\"200\" src=\"https:\/\/charlieworks.eu\/wp-content\/uploads\/2026\/04\/Kopie-van-251014-Charlie-Works-x-Intertoys-x-DMVD-65-300x200.webp\" class=\"attachment-medium size-medium wp-image-19821\" alt=\"logistika\" srcset=\"https:\/\/charlieworks.eu\/wp-content\/uploads\/2026\/04\/Kopie-van-251014-Charlie-Works-x-Intertoys-x-DMVD-65-300x200.webp 300w, https:\/\/charlieworks.eu\/wp-content\/uploads\/2026\/04\/Kopie-van-251014-Charlie-Works-x-Intertoys-x-DMVD-65-1024x683.webp 1024w, https:\/\/charlieworks.eu\/wp-content\/uploads\/2026\/04\/Kopie-van-251014-Charlie-Works-x-Intertoys-x-DMVD-65-768x512.webp 768w, https:\/\/charlieworks.eu\/wp-content\/uploads\/2026\/04\/Kopie-van-251014-Charlie-Works-x-Intertoys-x-DMVD-65-1536x1024.webp 1536w, https:\/\/charlieworks.eu\/wp-content\/uploads\/2026\/04\/Kopie-van-251014-Charlie-Works-x-Intertoys-x-DMVD-65-2048x1365.webp 2048w\" sizes=\"auto, (max-width: 300px) 100vw, 300px\" \/><\/div><\/a>\n\t\t\t\t<div class=\"elementor-post__text\">\n\t\t\t\t<h3 class=\"elementor-post__title\">\n\t\t\t<a href=\"https:\/\/charlieworks.eu\/sk\/wat-maakt-logistiek-team-succesvol\/\" >\n\t\t\t\t\u010co rob\u00ed logistick\u00fd t\u00edm \u00faspe\u0161n\u00fdm?\t\t\t<\/a>\n\t\t<\/h3>\n\t\t\t\t<div class=\"elementor-post__excerpt\">\n\t\t\t<p>V logistike sa v\u0161etko to\u010d\u00ed okolo r\u00fdchlosti, spolupr\u00e1ce a spo\u013eahlivosti. Produkty musia by\u0165 spracovan\u00e9 v\u010das, objedn\u00e1vky musia by\u0165 spr\u00e1vne pripraven\u00e9 a sklady musia fungova\u0165 efekt\u00edvne. Za v\u0161etk\u00fdmi t\u00fdmito procesmi stoj\u00ed jeden d\u00f4le\u017eit\u00fd faktor: siln\u00fd logistick\u00fd t\u00edm. \u010co v\u0161ak rob\u00ed logistick\u00fd t\u00edm skuto\u010dne \u00faspe\u0161n\u00fdm? Nejde len o individu\u00e1lne v\u00fdkony. Pr\u00e1ve sp\u00f4sob,<\/p>\n\t\t<\/div>\n\t\t\n\t\t<a class=\"elementor-post__read-more\" href=\"https:\/\/charlieworks.eu\/sk\/wat-maakt-logistiek-team-succesvol\/\" aria-label=\"Read more about \u010co rob\u00ed logistick\u00fd t\u00edm \u00faspe\u0161n\u00fdm?\" tabindex=\"-1\" >\n\t\t\tPre\u010d\u00edtajte si viac\t\t<\/a>\n\n\t\t\t\t<\/div>\n\t\t\t\t<div class=\"elementor-post__meta-data\">\n\t\t\t\t\t<span class=\"elementor-post-date\">\n\t\t\t22. apr\u00edla 2026\t\t<\/span>\n\t\t\t\t<\/div>\n\t\t\t\t\t<\/div>\n\t\t<\/article>\n\t\t\t\t<article class=\"elementor-post elementor-grid-item post-19736 post type-post status-publish format-standard hentry category-uncategorized-sk\" role=\"listitem\">\n\t\t\t<div class=\"elementor-post__card\">\n\t\t\t\t<div class=\"elementor-post__text\">\n\t\t\t\t<h3 class=\"elementor-post__title\">\n\t\t\t<a href=\"https:\/\/charlieworks.eu\/sk\/logistiek-uitzendbureau-in-jouw-regio-amsterdam-rotterdam-utrecht-en-meer\/\" >\n\t\t\t\tLogistick\u00e1 person\u00e1lna agent\u00fara Amsterdam, Rotterdam, Utrecht a viac: kde n\u00e1jdete t\u00fa spr\u00e1vnu zhodu?\t\t\t<\/a>\n\t\t<\/h3>\n\t\t\t\t<div class=\"elementor-post__excerpt\">\n\t\t\t<p>Holandsko stoj\u00ed na logistike. Od rotterdamsk\u00e9ho pr\u00edstavu a\u017e po distribu\u010dn\u00e9 centr\u00e1 v okol\u00ed Schipholu: v\u0161ade s\u00fa potrebn\u00ed \u013eudia. Pre zamestn\u00e1vate\u013eov to znamen\u00e1 neust\u00e1le h\u013eadanie motivovan\u00e9ho person\u00e1lu. Pre pracovn\u00fdch migrantov z v\u00fdchodnej a ju\u017enej Eur\u00f3py to predstavuje mno\u017estvo pr\u00edle\u017eitost\u00ed. Logistick\u00e1 person\u00e1lna agent\u00fara v Amsterdame alebo inom ve\u013ekom meste sp\u00e1ja obe strany.<\/p>\n\t\t<\/div>\n\t\t\n\t\t<a class=\"elementor-post__read-more\" href=\"https:\/\/charlieworks.eu\/sk\/logistiek-uitzendbureau-in-jouw-regio-amsterdam-rotterdam-utrecht-en-meer\/\" aria-label=\"Read more about Logistick\u00e1 person\u00e1lna agent\u00fara Amsterdam, Rotterdam, Utrecht a viac: kde n\u00e1jdete t\u00fa spr\u00e1vnu zhodu?\" tabindex=\"-1\" >\n\t\t\tPre\u010d\u00edtajte si viac\t\t<\/a>\n\n\t\t\t\t<\/div>\n\t\t\t\t<div class=\"elementor-post__meta-data\">\n\t\t\t\t\t<span class=\"elementor-post-date\">\n\t\t\t21. apr\u00edla 2026\t\t<\/span>\n\t\t\t\t<\/div>\n\t\t\t\t\t<\/div>\n\t\t<\/article>\n\t\t\t\t<article class=\"elementor-post elementor-grid-item post-19728 post type-post status-publish format-standard hentry category-uncategorized-sk\" role=\"listitem\">\n\t\t\t<div class=\"elementor-post__card\">\n\t\t\t\t<div class=\"elementor-post__text\">\n\t\t\t\t<h3 class=\"elementor-post__title\">\n\t\t\t<a href=\"https:\/\/charlieworks.eu\/sk\/hoeveel-mensen-werken-in-nederland-feiten-en-cijfers-over-de-arbeidsmarkt\/\" >\n\t\t\t\tKo\u013eko \u013eud\u00ed pracuje v Holandsku? Fakty a \u010d\u00edsla o trhu pr\u00e1ce\t\t\t<\/a>\n\t\t<\/h3>\n\t\t\t\t<div class=\"elementor-post__excerpt\">\n\t\t\t<p>Holandsk\u00fd trh pr\u00e1ce je v neust\u00e1lom pohybe. Kto sa p\u00fdta, ko\u013eko \u013eud\u00ed pracuje v Holandsku, dopracuje sa k \u010d\u00edslam, ktor\u00e9 v posledn\u00fdch rokoch v\u00fdrazne vzr\u00e1stli. Zamestn\u00e1vatelia h\u013eadaj\u00fa person\u00e1l, sektory z\u00e1pasia s nedostatkom pracovn\u00edkov a pracovn\u00e1 migr\u00e1cia zohr\u00e1va \u010doraz d\u00f4le\u017eitej\u0161iu \u00falohu pri ka\u017edodennom chode logistiky, v\u00fdroby a dopravy. V tomto \u010dl\u00e1nku<\/p>\n\t\t<\/div>\n\t\t\n\t\t<a class=\"elementor-post__read-more\" href=\"https:\/\/charlieworks.eu\/sk\/hoeveel-mensen-werken-in-nederland-feiten-en-cijfers-over-de-arbeidsmarkt\/\" aria-label=\"Read more about Ko\u013eko \u013eud\u00ed pracuje v Holandsku? Fakty a \u010d\u00edsla o trhu pr\u00e1ce\" tabindex=\"-1\" >\n\t\t\tPre\u010d\u00edtajte si viac\t\t<\/a>\n\n\t\t\t\t<\/div>\n\t\t\t\t<div class=\"elementor-post__meta-data\">\n\t\t\t\t\t<span class=\"elementor-post-date\">\n\t\t\t20. apr\u00edla 2026\t\t<\/span>\n\t\t\t\t<\/div>\n\t\t\t\t\t<\/div>\n\t\t<\/article>\n\t\t\t\t<article class=\"elementor-post elementor-grid-item post-19706 post type-post status-publish format-standard hentry category-uncategorized-sk\" role=\"listitem\">\n\t\t\t<div class=\"elementor-post__card\">\n\t\t\t\t<div class=\"elementor-post__text\">\n\t\t\t\t<h3 class=\"elementor-post__title\">\n\t\t\t<a href=\"https:\/\/charlieworks.eu\/sk\/uitzendbureau-productie-hoe-kies-je-de-juiste-partner-voor-productiepersoneel\/\" >\n\t\t\t\tV\u00fdber person\u00e1lnej agent\u00fary pre v\u00fdrobu: na \u010do sa zamera\u0165 pri h\u013eadan\u00ed dobr\u00e9ho partnera?\t\t\t<\/a>\n\t\t<\/h3>\n\t\t\t\t<div class=\"elementor-post__excerpt\">\n\t\t\t<p>V\u00fdrobn\u00e9 spolo\u010dnosti s\u00fa pod neust\u00e1lym tlakom, aby naplnili svoje stavy. Najm\u00e4 po\u010das \u0161pi\u010diek, sez\u00f3nnych pr\u00e1c alebo pri ve\u013ek\u00fdch objedn\u00e1vkach potrebujete vedie\u0165 r\u00fdchlo zareagova\u0165. Kvalitn\u00e1 person\u00e1lna agent\u00fara pre v\u00fdrobu vtedy predstavuje rozdiel medzi hladko be\u017eiacou linkou a zastavenou v\u00fdrobou. Ako si v\u0161ak vybra\u0165 toho spr\u00e1vneho partnera? Rozdiely medzi agent\u00farami s\u00fa v\u00e4\u010d\u0161ie,<\/p>\n\t\t<\/div>\n\t\t\n\t\t<a class=\"elementor-post__read-more\" href=\"https:\/\/charlieworks.eu\/sk\/uitzendbureau-productie-hoe-kies-je-de-juiste-partner-voor-productiepersoneel\/\" aria-label=\"Read more about V\u00fdber person\u00e1lnej agent\u00fary pre v\u00fdrobu: na \u010do sa zamera\u0165 pri h\u013eadan\u00ed dobr\u00e9ho partnera?\" tabindex=\"-1\" >\n\t\t\tPre\u010d\u00edtajte si viac\t\t<\/a>\n\n\t\t\t\t<\/div>\n\t\t\t\t<div class=\"elementor-post__meta-data\">\n\t\t\t\t\t<span class=\"elementor-post-date\">\n\t\t\t16. apr\u00edla 2026\t\t<\/span>\n\t\t\t\t<\/div>\n\t\t\t\t\t<\/div>\n\t\t<\/article>\n\t\t\t\t<article class=\"elementor-post elementor-grid-item post-19689 post type-post status-publish format-standard hentry category-uncategorized-sk\" role=\"listitem\">\n\t\t\t<div class=\"elementor-post__card\">\n\t\t\t\t<div class=\"elementor-post__text\">\n\t\t\t\t<h3 class=\"elementor-post__title\">\n\t\t\t<a href=\"https:\/\/charlieworks.eu\/sk\/werk-in-nederland-met-huisvesting-zo-werkt-het-bij-charlie-works\/\" >\n\t\t\t\tPr\u00e1ca v Holandsku s ubytovan\u00edm: takto to funguje v Charlie works\t\t\t<\/a>\n\t\t<\/h3>\n\t\t\t\t<div class=\"elementor-post__excerpt\">\n\t\t\t<p>Pr\u00edchod za pr\u00e1cou do Holandska je ve\u013ek\u00fdm krokom. Zanech\u00e1vate svoje zn\u00e1me prostredie a za\u010d\u00ednate odznova v inej krajine. Jednou z najd\u00f4le\u017eitej\u0161\u00edch ot\u00e1zok, ktor\u00e9 vtedy vyvst\u00e1vaj\u00fa, je: kde budem b\u00fdva\u0165? V Charlie works z\u00edskate pr\u00e1cu v Holandsku s ubytovan\u00edm zabezpe\u010den\u00fdm prostredn\u00edctvom jedn\u00e9ho kontaktn\u00e9ho miesta. V tejto pr\u00edru\u010dke vysvet\u013eujeme, ako presne to<\/p>\n\t\t<\/div>\n\t\t\n\t\t<a class=\"elementor-post__read-more\" href=\"https:\/\/charlieworks.eu\/sk\/werk-in-nederland-met-huisvesting-zo-werkt-het-bij-charlie-works\/\" aria-label=\"Read more about Pr\u00e1ca v Holandsku s ubytovan\u00edm: takto to funguje v Charlie works\" tabindex=\"-1\" >\n\t\t\tPre\u010d\u00edtajte si viac\t\t<\/a>\n\n\t\t\t\t<\/div>\n\t\t\t\t<div class=\"elementor-post__meta-data\">\n\t\t\t\t\t<span class=\"elementor-post-date\">\n\t\t\t15. apr\u00edla 2026\t\t<\/span>\n\t\t\t\t<\/div>\n\t\t\t\t\t<\/div>\n\t\t<\/article>\n\t\t\t\t<\/div>\n\t\t\n\t\t\t\t<div class=\"e-load-more-anchor\" data-page=\"1\" data-max-page=\"16\" data-next-page=\"https:\/\/charlieworks.eu\/sk\/?e-page-e7b287d=2\"><\/div>\n\t\t\t\t<nav class=\"elementor-pagination\" aria-label=\"Pagination\">\n\t\t\t<span class=\"page-numbers prev\">Predch\u00e1dzaj\u00faci<\/span>\n<span aria-current=\"page\" class=\"page-numbers current\"><span class=\"elementor-screen-only\">Str\u00e1nka<\/span>1<\/span>\n<a class=\"page-numbers\" href=\"https:\/\/charlieworks.eu\/sk\/wp-json\/wp\/v2\/pages\/14172\/?e-page-e7b287d=2\"><span class=\"elementor-screen-only\">Str\u00e1nka<\/span>2<\/a>\n<a class=\"page-numbers\" href=\"https:\/\/charlieworks.eu\/sk\/wp-json\/wp\/v2\/pages\/14172\/?e-page-e7b287d=3\"><span class=\"elementor-screen-only\">Str\u00e1nka<\/span>3<\/a>\n<a class=\"page-numbers\" href=\"https:\/\/charlieworks.eu\/sk\/wp-json\/wp\/v2\/pages\/14172\/?e-page-e7b287d=4\"><span class=\"elementor-screen-only\">Str\u00e1nka<\/span>4<\/a>\n<a class=\"page-numbers\" href=\"https:\/\/charlieworks.eu\/sk\/wp-json\/wp\/v2\/pages\/14172\/?e-page-e7b287d=5\"><span class=\"elementor-screen-only\">Str\u00e1nka<\/span>5<\/a>\n<a class=\"page-numbers next\" href=\"https:\/\/charlieworks.eu\/sk\/?e-page-e7b287d=2\">\u010eal\u0161ie<\/a>\t\t<\/nav>\n\t\t\t\t\t\t<\/div>\n\t\t\t\t<\/div>\n\t\t\t\t\t<\/div>\n\t\t<\/div>\n\t\t\t\t\t<\/div>\n\t\t<\/section>\n\t\t\t\t<\/div>\n\t\t","protected":false},"excerpt":{"rendered":"<p>Charlie bloguje<\/p>\n","protected":false},"author":2,"featured_media":0,"parent":0,"menu_order":0,"comment_status":"closed","ping_status":"closed","template":"","meta":{"_acf_changed":false,"footnotes":""},"class_list":["post-14172","page","type-page","status-publish","hentry"],"acf":[],"_links":{"self":[{"href":"https:\/\/charlieworks.eu\/sk\/wp-json\/wp\/v2\/pages\/14172","targetHints":{"allow":["GET"]}}],"collection":[{"href":"https:\/\/charlieworks.eu\/sk\/wp-json\/wp\/v2\/pages"}],"about":[{"href":"https:\/\/charlieworks.eu\/sk\/wp-json\/wp\/v2\/types\/page"}],"author":[{"embeddable":true,"href":"https:\/\/charlieworks.eu\/sk\/wp-json\/wp\/v2\/users\/2"}],"replies":[{"embeddable":true,"href":"https:\/\/charlieworks.eu\/sk\/wp-json\/wp\/v2\/comments?post=14172"}],"version-history":[{"count":1,"href":"https:\/\/charlieworks.eu\/sk\/wp-json\/wp\/v2\/pages\/14172\/revisions"}],"predecessor-version":[{"id":14178,"href":"https:\/\/charlieworks.eu\/sk\/wp-json\/wp\/v2\/pages\/14172\/revisions\/14178"}],"wp:attachment":[{"href":"https:\/\/charlieworks.eu\/sk\/wp-json\/wp\/v2\/media?parent=14172"}],"curies":[{"name":"wp","href":"https:\/\/api.w.org\/{rel}","templated":true}]}}